{"id":148,"date":"2021-02-21T14:45:31","date_gmt":"2021-02-21T13:45:31","guid":{"rendered":"https:\/\/ayconhotels.com\/?page_id=148"},"modified":"2024-05-09T06:45:58","modified_gmt":"2024-05-09T05:45:58","slug":"about-us","status":"publish","type":"page","link":"https:\/\/ayconhotels.com\/me\/about-us\/","title":{"rendered":"O Nama"},"content":{"rendered":"<p>[et_pb_section fb_built=&#8221;1&#8243; custom_padding_last_edited=&#8221;on|phone&#8221; _builder_version=&#8221;4.16&#8243; _module_preset=&#8221;default&#8221; custom_margin_tablet=&#8221;&#8221; custom_margin_phone=&#8221;0px||||false|false&#8221; custom_margin_last_edited=&#8221;on|phone&#8221; custom_padding=&#8221;||17px|||&#8221; custom_padding_tablet=&#8221;&#8221; custom_padding_phone=&#8221;0px||||false|false&#8221; da_disable_devices=&#8221;off|off|off&#8221; global_colors_info=&#8221;{}&#8221; da_is_popup=&#8221;off&#8221; da_exit_intent=&#8221;off&#8221; da_has_close=&#8221;on&#8221; da_alt_close=&#8221;off&#8221; da_dark_close=&#8221;off&#8221; da_not_modal=&#8221;on&#8221; da_is_singular=&#8221;off&#8221; da_with_loader=&#8221;off&#8221; da_has_shadow=&#8221;on&#8221;][et_pb_row custom_padding_last_edited=&#8221;on|phone&#8221; _builder_version=&#8221;4.16&#8243; _module_preset=&#8221;default&#8221; custom_margin_tablet=&#8221;&#8221; custom_margin_phone=&#8221;||0px||false|false&#8221; custom_margin_last_edited=&#8221;on|phone&#8221; custom_padding_tablet=&#8221;&#8221; custom_padding_phone=&#8221;||0px||false|false&#8221; global_colors_info=&#8221;{}&#8221;][et_pb_column type=&#8221;4_4&#8243; _builder_version=&#8221;4.16&#8243; _module_preset=&#8221;default&#8221; global_colors_info=&#8221;{}&#8221;][et_pb_text _builder_version=&#8221;4.16&#8243; _module_preset=&#8221;default&#8221; text_text_color=&#8221;gcid-cc58e029-1f65-49cb-838f-a75ff8234bb2&#8243; header_font=&#8221;Book Antiqua|700|||||||&#8221; header_text_align=&#8221;center&#8221; header_font_size=&#8221;50px&#8221; custom_margin_tablet=&#8221;&#8221; custom_margin_phone=&#8221;||10px||false|false&#8221; custom_margin_last_edited=&#8221;on|phone&#8221; custom_padding_tablet=&#8221;&#8221; custom_padding_phone=&#8221;||0px||false|false&#8221; custom_padding_last_edited=&#8221;on|phone&#8221; header_text_align_tablet=&#8221;&#8221; header_text_align_phone=&#8221;left&#8221; header_text_align_last_edited=&#8221;on|phone&#8221; header_font_size_tablet=&#8221;&#8221; header_font_size_phone=&#8221;40px&#8221; header_font_size_last_edited=&#8221;on|desktop&#8221; locked=&#8221;off&#8221; global_colors_info=&#8221;{%22gcid-cc58e029-1f65-49cb-838f-a75ff8234bb2%22:%91%93}&#8221;]<\/p>\n<h1>O Nama<\/h1>\n<p>[\/et_pb_text][et_pb_text _builder_version=&#8221;4.16&#8243; _module_preset=&#8221;default&#8221; text_text_color=&#8221;gcid-cc58e029-1f65-49cb-838f-a75ff8234bb2&#8243; header_text_color=&#8221;gcid-cc58e029-1f65-49cb-838f-a75ff8234bb2&#8243; text_orientation=&#8221;center&#8221; text_text_color_tablet=&#8221;&#8221; text_text_color_phone=&#8221;#001D4A&#8221; text_text_color_last_edited=&#8221;on|phone&#8221; text_orientation_tablet=&#8221;&#8221; text_orientation_phone=&#8221;left&#8221; text_orientation_last_edited=&#8221;on|phone&#8221; global_colors_info=&#8221;{%22gcid-cc58e029-1f65-49cb-838f-a75ff8234bb2%22:%91%22header_text_color%22%93}&#8221;]<\/p>\n<p>Kada smo prvi put po\u010deli da razvijamo svoj brend prije 7 godina, najva\u017eniji cilj koji smo postavili bio je zadovoljstvo gostiju. Zadovoljstvo gostiju je osnovni temelj na\u0161eg poslovanja koji smo kasnije transformisali u Aycon Hotels Group.<\/p>\n<p>Mi smo grupa predanih preduzetnika sa vi\u0161e od 20 godina rada u turizmu i ugostiteljstvu. To iskustvo nam je pomoglo da oblikujemo viziju i misiju hotelske grupe Aycon. Ali vi\u0161e od bilo \u010dega drugog, pomogao nam je da predvidimo potrebe i o\u010dekivanja gostiju i kako da prona\u0111emo na\u010dine da ih pobolj\u0161amo i prema\u0161imo. Na\u0161 motivisani tim je ponosan na ono \u0161to radimo, sa efikasnim alatima za upravljanje i jedinstvenim rje\u0161enjima.<\/p>\n<p>[\/et_pb_text][\/et_pb_column][\/et_pb_row][et_pb_row column_structure=&#8221;1_2,1_2&#8243; _builder_version=&#8221;4.16&#8243; _module_preset=&#8221;default&#8221; custom_padding=&#8221;40px||0px|||&#8221; global_colors_info=&#8221;{}&#8221;][et_pb_column type=&#8221;1_2&#8243; _builder_version=&#8221;4.16&#8243; _module_preset=&#8221;default&#8221; global_colors_info=&#8221;{}&#8221;][et_pb_text _builder_version=&#8221;4.16&#8243; _module_preset=&#8221;default&#8221; text_text_color=&#8221;gcid-cc58e029-1f65-49cb-838f-a75ff8234bb2&#8243; header_font=&#8221;Book Antiqua|600|||||||&#8221; header_text_color=&#8221;gcid-cc58e029-1f65-49cb-838f-a75ff8234bb2&#8243; header_2_font=&#8221;Book Antiqua|600|||||||&#8221; header_2_text_color=&#8221;#001d4a&#8221; custom_padding=&#8221;7px|||||&#8221; global_colors_info=&#8221;{%22gcid-cc58e029-1f65-49cb-838f-a75ff8234bb2%22:%91%22header_text_color%22%93}&#8221;]<\/p>\n<h1>\u0160ta nudimo<\/h1>\n<p>Slo\u017eic\u0301ete se da \u0161irom svijeta postoje hiljade sjajnih hotela. Da, to je istina. Ipak, \u017eelimo biti vec\u0301i od vec\u0301ine njih. Ali, kako, mo\u017eete pitati? Jednostavno pokazujuc\u0301i da smo tim koji c\u0301e pru\u017eiti besprekornu personalizovanu uslugu, uslugu koja c\u0301e pokazati da hotel nije puka zgrada sa lijepo ure\u0111enim zidovima i mermernim podovima, vec\u0301 dom koji vas obuzima toplinom i domac\u0301om atmosferom.<\/p>\n<p>Mjesto gde c\u0301ete se uvek osjec\u0301ati dobrodo\u0161lo. Mjesto gdje c\u0301ete pronac\u0301i ono o \u010demu sanjate dok ste na odmoru - mir i ti\u0161ina, duboko opu\u0161tanje i domac\u0301a hrana.<\/p>\n<p>[\/et_pb_text][\/et_pb_column][et_pb_column type=&#8221;1_2&#8243; _builder_version=&#8221;4.16&#8243; _module_preset=&#8221;default&#8221; global_colors_info=&#8221;{}&#8221;][et_pb_image src=&#8221;https:\/\/ayconhotels.com\/wp-content\/uploads\/2021\/02\/200_209.jpg&#8221; title_text=&#8221;200_209&#8243; disabled_on=&#8221;on|off|off&#8221; _builder_version=&#8221;4.16&#8243; _module_preset=&#8221;default&#8221; global_colors_info=&#8221;{}&#8221;][\/et_pb_image][\/et_pb_column][\/et_pb_row][et_pb_row column_structure=&#8221;1_2,1_2&#8243; _builder_version=&#8221;4.16&#8243; _module_preset=&#8221;default&#8221; global_colors_info=&#8221;{}&#8221;][et_pb_column type=&#8221;1_2&#8243; _builder_version=&#8221;4.16&#8243; _module_preset=&#8221;default&#8221; global_colors_info=&#8221;{}&#8221;][et_pb_image src=&#8221;https:\/\/ayconhotels.com\/wp-content\/uploads\/2021\/02\/beautiful-family-having-fun-swimming-pool.jpg&#8221; title_text=&#8221;Beautiful family having fun in a swimming pool&#8221; _builder_version=&#8221;4.16&#8243; _module_preset=&#8221;default&#8221; global_colors_info=&#8221;{}&#8221;][\/et_pb_image][\/et_pb_column][et_pb_column type=&#8221;1_2&#8243; _builder_version=&#8221;4.16&#8243; _module_preset=&#8221;default&#8221; global_colors_info=&#8221;{}&#8221;][et_pb_text _builder_version=&#8221;4.16&#8243; _module_preset=&#8221;default&#8221; text_text_color=&#8221;gcid-cc58e029-1f65-49cb-838f-a75ff8234bb2&#8243; header_font=&#8221;Book Antiqua|600|||||||&#8221; header_text_color=&#8221;gcid-cc58e029-1f65-49cb-838f-a75ff8234bb2&#8243; header_2_font=&#8221;Book Antiqua|600|||||||&#8221; header_2_text_color=&#8221;#001d4a&#8221; custom_padding=&#8221;40px|||||&#8221; global_colors_info=&#8221;{%22gcid-cc58e029-1f65-49cb-838f-a75ff8234bb2%22:%91%22header_text_color%22%93}&#8221;]<\/p>\n<h1>Za\u0161to smo druga\u010diji<\/h1>\n<p>Napravili smo svoj luksuzni brend za one goste koji \u017eele da ostanu daleko od prepunih odmarali\u0161ta sa stotinama ljudi koji \u010dekaju u redu za \u0161vedski sto ili se guraju jedni drugima da zgrabe poslednje dostupno sun\u010dali\u0161te kraj bazena.<\/p>\n<p>Vo\u0111eni preduzetni\u010dkim duhom, ne samo da \u017eelimo da pru\u017eimo najbolju moguc\u0301u uslugu, vec\u0301 i da u\u010dinimo da na\u0161i gosti osjete auru luksuza u kombinaciji sa modernim dizajnom enterijera na\u0161ih hotela i njihovim vrhunskim karakteristikama.<\/p>\n<p>U na\u0161im hotelima svaki gost dobija individualni pristup posebno prilago\u0111en i izra\u0111en za njegove potrebe. Jedino ono \u0161to mo\u017eemo da garantujemo je da c\u0301emo ispuniti potrebe gostiju i pru\u017eiti vrhunsku uslugu.<\/p>\n<p>&nbsp;<\/p>\n<p>[\/et_pb_text][\/et_pb_column][\/et_pb_row][\/et_pb_section][et_pb_section fb_built=&#8221;1&#8243; _builder_version=&#8221;4.16&#8243; _module_preset=&#8221;default&#8221; use_background_color_gradient=&#8221;on&#8221; background_color_gradient_stops=&#8221;#ffffff 0%|rgba(0,0,0,0) 61%&#8221; background_color_gradient_start=&#8221;#ffffff&#8221; background_color_gradient_end=&#8221;rgba(0,0,0,0)&#8221; background_color_gradient_end_position=&#8221;61%&#8221; background_image=&#8221;https:\/\/ayconhotels.com\/wp-content\/uploads\/2021\/03\/mediterranean-sea-1.jpg&#8221; background_position=&#8221;top_center&#8221; width=&#8221;100%&#8221; width_tablet=&#8221;&#8221; width_phone=&#8221;100%&#8221; width_last_edited=&#8221;on|phone&#8221; module_alignment=&#8221;center&#8221; custom_padding=&#8221;222px||||false|false&#8221; background_color_gradient_stops_tablet=&#8221;#ffffff 0%|rgba(0,0,0,0) 61%&#8221; background_color_gradient_stops_phone=&#8221;#ffffff 0%|rgba(0,0,0,0) 61%&#8221; da_disable_devices=&#8221;off|off|off&#8221; global_module=&#8221;71&#8243; saved_tabs=&#8221;all&#8221; global_colors_info=&#8221;{}&#8221; da_is_popup=&#8221;off&#8221; da_exit_intent=&#8221;off&#8221; da_has_close=&#8221;on&#8221; da_alt_close=&#8221;off&#8221; da_dark_close=&#8221;off&#8221; da_not_modal=&#8221;on&#8221; da_is_singular=&#8221;off&#8221; da_with_loader=&#8221;off&#8221; da_has_shadow=&#8221;on&#8221;][et_pb_row _builder_version=&#8221;4.16&#8243; _module_preset=&#8221;default&#8221; global_colors_info=&#8221;{}&#8221;][et_pb_column type=&#8221;4_4&#8243; _builder_version=&#8221;4.16&#8243; _module_preset=&#8221;default&#8221; global_colors_info=&#8221;{}&#8221;][et_pb_text _builder_version=&#8221;4.16&#8243; _module_preset=&#8221;default&#8221; text_font=&#8221;Nothing You Could Do|500|||||||&#8221; text_font_size=&#8221;60px&#8221; header_text_color=&#8221;gcid-cc58e029-1f65-49cb-838f-a75ff8234bb2&#8243; text_orientation=&#8221;center&#8221; text_font_size_tablet=&#8221;&#8221; text_font_size_phone=&#8221;50px&#8221; text_font_size_last_edited=&#8221;on|phone&#8221; text_line_height_tablet=&#8221;&#8221; text_line_height_phone=&#8221;1.9em&#8221; text_line_height_last_edited=&#8221;on|phone&#8221; global_colors_info=&#8221;{%22gcid-cc58e029-1f65-49cb-838f-a75ff8234bb2%22:%91%22header_text_color%22%93}&#8221;]<\/p>\n<p><span>Aycon Hotels<\/span><\/p>\n<p>[\/et_pb_text][et_pb_text _builder_version=&#8221;4.16&#8243; _module_preset=&#8221;default&#8221; text_font=&#8221;Book Antiqua||||||||&#8221; text_font_size=&#8221;21px&#8221; header_text_color=&#8221;gcid-cc58e029-1f65-49cb-838f-a75ff8234bb2&#8243; text_orientation=&#8221;center&#8221; global_colors_info=&#8221;{%22gcid-cc58e029-1f65-49cb-838f-a75ff8234bb2%22:%91%22header_text_color%22%93}&#8221;]<\/p>\n<p>experience your dreams&#8230;<\/p>\n<p>[\/et_pb_text][\/et_pb_column][\/et_pb_row][\/et_pb_section][et_pb_section fb_built=&#8221;1&#8243; admin_label=&#8221;Section&#8221; _builder_version=&#8221;4.9.0&#8243; _module_preset=&#8221;default&#8221; custom_margin=&#8221;40px||40px||true|false&#8221; custom_padding=&#8221;0px||0px|||&#8221; da_disable_devices=&#8221;off|off|off&#8221; global_module=&#8221;869&#8243; saved_tabs=&#8221;all&#8221; global_colors_info=&#8221;{}&#8221; da_is_popup=&#8221;off&#8221; da_exit_intent=&#8221;off&#8221; da_has_close=&#8221;on&#8221; da_alt_close=&#8221;off&#8221; da_dark_close=&#8221;off&#8221; da_not_modal=&#8221;on&#8221; da_is_singular=&#8221;off&#8221; da_with_loader=&#8221;off&#8221; da_has_shadow=&#8221;on&#8221;][et_pb_row column_structure=&#8221;1_2,1_2&#8243; use_custom_gutter=&#8221;on&#8221; gutter_width=&#8221;1&#8243; _builder_version=&#8221;4.16&#8243; _module_preset=&#8221;default&#8221; width_tablet=&#8221;&#8221; width_phone=&#8221;96%&#8221; width_last_edited=&#8221;on|phone&#8221; max_width=&#8221;100%&#8221; custom_margin=&#8221;||0px||false|false&#8221; custom_padding=&#8221;0px||0px||false|false&#8221; global_colors_info=&#8221;{}&#8221;][et_pb_column type=&#8221;1_2&#8243; _builder_version=&#8221;4.16&#8243; _dynamic_attributes=&#8221;link_option_url&#8221; _module_preset=&#8221;default&#8221; background_color=&#8221;rgba(0,0,0,0.15)&#8221; background_image=&#8221;https:\/\/ayconhotels.com\/wp-content\/uploads\/2021\/03\/Budva-za-sajt-1024&#215;436.jpg&#8221; background_position=&#8221;bottom_center&#8221; background_blend=&#8221;darken&#8221; custom_padding=&#8221;250px|20px|10px|20px|false|true&#8221; link_option_url=&#8221;@ET-DC@eyJkeW5hbWljIjp0cnVlLCJjb250ZW50IjoicG9zdF9saW5rX3VybF9wYWdlIiwic2V0dGluZ3MiOnsicG9zdF9pZCI6IjEwMDcifX0=@&#8221; border_width_all=&#8221;3px&#8221; border_color_all=&#8221;#FFFFFF&#8221; global_colors_info=&#8221;{}&#8221; transform_styles__hover_enabled=&#8221;on|hover&#8221; transform_scale__hover_enabled=&#8221;on|hover&#8221; transform_translate__hover_enabled=&#8221;on|desktop&#8221; transform_rotate__hover_enabled=&#8221;on|desktop&#8221; transform_skew__hover_enabled=&#8221;on|desktop&#8221; transform_origin__hover_enabled=&#8221;on|desktop&#8221; transform_scale__hover=&#8221;102%|102%&#8221;][et_pb_text _builder_version=&#8221;4.16&#8243; _module_preset=&#8221;default&#8221; text_font=&#8221;Open Sans|700|||||||&#8221; text_text_color=&#8221;#001d4a&#8221; text_font_size=&#8221;22px&#8221; header_font=&#8221;|600|||||||&#8221; header_text_color=&#8221;#FFFFFF&#8221; header_font_size=&#8221;36px&#8221; header_2_text_color=&#8221;#FFFFFF&#8221; global_colors_info=&#8221;{%22gcid-cc58e029-1f65-49cb-838f-a75ff8234bb2%22:%91%22header_text_color%22%93}&#8221;]<\/p>\n<h2>Hoteli<\/h2>\n<h1>Budva<\/h1>\n<p>[\/et_pb_text][\/et_pb_column][et_pb_column type=&#8221;1_2&#8243; _builder_version=&#8221;4.16&#8243; _dynamic_attributes=&#8221;link_option_url&#8221; _module_preset=&#8221;default&#8221; background_color=&#8221;rgba(0,0,0,0.1)&#8221; background_image=&#8221;https:\/\/ayconhotels.com\/wp-content\/uploads\/2021\/03\/Becici1-Copy-1024&#215;524.jpg&#8221; background_blend=&#8221;darken&#8221; custom_padding=&#8221;250px|20px|10px|20px|false|true&#8221; link_option_url=&#8221;@ET-DC@eyJkeW5hbWljIjp0cnVlLCJjb250ZW50IjoicG9zdF9saW5rX3VybF9wYWdlIiwic2V0dGluZ3MiOnsicG9zdF9pZCI6IjIwOTkifX0=@&#8221; border_width_all=&#8221;3px&#8221; border_color_all=&#8221;#FFFFFF&#8221; global_colors_info=&#8221;{}&#8221; transform_styles__hover_enabled=&#8221;on|hover&#8221; transform_scale__hover=&#8221;102%|102%&#8221; transform_scale__hover_enabled=&#8221;on|hover&#8221; transform_translate__hover_enabled=&#8221;on|desktop&#8221; transform_rotate__hover_enabled=&#8221;on|desktop&#8221; transform_skew__hover_enabled=&#8221;on|desktop&#8221; transform_origin__hover_enabled=&#8221;on|desktop&#8221;][et_pb_text _builder_version=&#8221;4.16&#8243; _module_preset=&#8221;default&#8221; text_font=&#8221;Open Sans|700|||||||&#8221; text_text_color=&#8221;#001d4a&#8221; text_font_size=&#8221;22px&#8221; header_font=&#8221;|600|||||||&#8221; header_text_color=&#8221;#FFFFFF&#8221; header_font_size=&#8221;36px&#8221; header_2_text_color=&#8221;#FFFFFF&#8221; global_colors_info=&#8221;{%22gcid-cc58e029-1f65-49cb-838f-a75ff8234bb2%22:%91%22header_text_color%22%93}&#8221;]<\/p>\n<h2>Hoteli<\/h2>\n<h1>Be\u010di\u0107i<\/h1>\n<p>[\/et_pb_text][\/et_pb_column][\/et_pb_row][et_pb_row column_structure=&#8221;1_2,1_2&#8243; use_custom_gutter=&#8221;on&#8221; gutter_width=&#8221;1&#8243; _builder_version=&#8221;4.16&#8243; _module_preset=&#8221;default&#8221; width_tablet=&#8221;&#8221; width_phone=&#8221;96%&#8221; width_last_edited=&#8221;on|phone&#8221; max_width=&#8221;100%&#8221; custom_margin=&#8221;0px|auto|0px|auto|false|false&#8221; custom_padding=&#8221;0px||0px||false|false&#8221; global_colors_info=&#8221;{}&#8221;][et_pb_column type=&#8221;1_2&#8243; _builder_version=&#8221;4.16&#8243; _dynamic_attributes=&#8221;link_option_url&#8221; _module_preset=&#8221;default&#8221; background_color=&#8221;rgba(0,0,0,0.15)&#8221; background_image=&#8221;https:\/\/ayconhotels.com\/wp-content\/uploads\/2021\/04\/seagull-flies-by-sveti-stefan-island-view-from-rock-budva-riviera-montenegro.jpg&#8221; background_blend=&#8221;darken&#8221; custom_padding=&#8221;250px|20px|10px|20px|false|true&#8221; link_option_url=&#8221;@ET-DC@eyJkeW5hbWljIjp0cnVlLCJjb250ZW50IjoicG9zdF9saW5rX3VybF9wYWdlIiwic2V0dGluZ3MiOnsicG9zdF9pZCI6IjIxMTMifX0=@&#8221; border_width_all=&#8221;3px&#8221; border_color_all=&#8221;#FFFFFF&#8221; global_colors_info=&#8221;{}&#8221; transform_styles__hover_enabled=&#8221;on|hover&#8221; transform_scale__hover=&#8221;102%|102%&#8221; transform_scale__hover_enabled=&#8221;on|hover&#8221; transform_translate__hover_enabled=&#8221;on|desktop&#8221; transform_rotate__hover_enabled=&#8221;on|desktop&#8221; transform_skew__hover_enabled=&#8221;on|desktop&#8221; transform_origin__hover_enabled=&#8221;on|desktop&#8221;][et_pb_text _builder_version=&#8221;4.16&#8243; _module_preset=&#8221;default&#8221; text_font=&#8221;Open Sans|700|||||||&#8221; text_text_color=&#8221;#001d4a&#8221; text_font_size=&#8221;22px&#8221; header_font=&#8221;|600|||||||&#8221; header_text_color=&#8221;#FFFFFF&#8221; header_font_size=&#8221;36px&#8221; header_2_text_color=&#8221;#FFFFFF&#8221; global_colors_info=&#8221;{%22gcid-cc58e029-1f65-49cb-838f-a75ff8234bb2%22:%91%22header_text_color%22%93}&#8221;]<\/p>\n<h2>Hoteli<\/h2>\n<h1>Sveti Stefan<\/h1>\n<p>[\/et_pb_text][\/et_pb_column][et_pb_column type=&#8221;1_2&#8243; _builder_version=&#8221;4.16&#8243; _dynamic_attributes=&#8221;link_option_url&#8221; _module_preset=&#8221;default&#8221; background_color=&#8221;rgba(0,0,0,0.15)&#8221; background_image=&#8221;https:\/\/ayconhotels.com\/wp-content\/uploads\/2021\/03\/Petrovac-1-1024&#215;682.jpg&#8221; background_blend=&#8221;darken&#8221; custom_padding=&#8221;250px|20px|10px|20px|false|true&#8221; link_option_url=&#8221;@ET-DC@eyJkeW5hbWljIjp0cnVlLCJjb250ZW50IjoicG9zdF9saW5rX3VybF9wYWdlIiwic2V0dGluZ3MiOnsicG9zdF9pZCI6IjIwOTMifX0=@&#8221; border_width_all=&#8221;3px&#8221; border_color_all=&#8221;#FFFFFF&#8221; global_colors_info=&#8221;{}&#8221; transform_styles__hover_enabled=&#8221;on|hover&#8221; transform_scale__hover=&#8221;102%|102%&#8221; transform_scale__hover_enabled=&#8221;on|hover&#8221; transform_translate__hover_enabled=&#8221;on|desktop&#8221; transform_rotate__hover_enabled=&#8221;on|desktop&#8221; transform_skew__hover_enabled=&#8221;on|desktop&#8221; transform_origin__hover_enabled=&#8221;on|desktop&#8221;][et_pb_text _builder_version=&#8221;4.16&#8243; _module_preset=&#8221;default&#8221; text_font=&#8221;Open Sans|700|||||||&#8221; text_text_color=&#8221;#001d4a&#8221; text_font_size=&#8221;22px&#8221; header_font=&#8221;|600|||||||&#8221; header_text_color=&#8221;#FFFFFF&#8221; header_font_size=&#8221;36px&#8221; header_2_text_color=&#8221;#FFFFFF&#8221; global_colors_info=&#8221;{%22gcid-cc58e029-1f65-49cb-838f-a75ff8234bb2%22:%91%22header_text_color%22%93}&#8221;]<\/p>\n<h2>Hoteli<\/h2>\n<h1>Petrovac<\/h1>\n<p>[\/et_pb_text][\/et_pb_column][\/et_pb_row][\/et_pb_section]<\/p>","protected":false},"excerpt":{"rendered":"<p>About UsWhen we first started developing our brand 5 years ago, the most important goal we set was guest satisfaction. Guest satisfaction is a core foundation of our business which we have later transformed into the Aycon Hotels Group. We are a group of devoted entrepreneurs with more than 15+ years in the tourism and [&hellip;]<\/p>","protected":false},"author":1,"featured_media":0,"parent":0,"menu_order":0,"comment_status":"closed","ping_status":"closed","template":"","meta":{"_et_pb_use_builder":"on","_et_pb_old_content":"","_et_gb_content_width":"","footnotes":""},"class_list":["post-148","page","type-page","status-publish","hentry"],"_links":{"self":[{"href":"https:\/\/ayconhotels.com\/me\/wp-json\/wp\/v2\/pages\/148","targetHints":{"allow":["GET"]}}],"collection":[{"href":"https:\/\/ayconhotels.com\/me\/wp-json\/wp\/v2\/pages"}],"about":[{"href":"https:\/\/ayconhotels.com\/me\/wp-json\/wp\/v2\/types\/page"}],"author":[{"embeddable":true,"href":"https:\/\/ayconhotels.com\/me\/wp-json\/wp\/v2\/users\/1"}],"replies":[{"embeddable":true,"href":"https:\/\/ayconhotels.com\/me\/wp-json\/wp\/v2\/comments?post=148"}],"version-history":[{"count":19,"href":"https:\/\/ayconhotels.com\/me\/wp-json\/wp\/v2\/pages\/148\/revisions"}],"predecessor-version":[{"id":6048,"href":"https:\/\/ayconhotels.com\/me\/wp-json\/wp\/v2\/pages\/148\/revisions\/6048"}],"wp:attachment":[{"href":"https:\/\/ayconhotels.com\/me\/wp-json\/wp\/v2\/media?parent=148"}],"curies":[{"name":"wp","href":"https:\/\/api.w.org\/{rel}","templated":true}]}}