{"id":2128,"date":"2021-03-09T22:44:05","date_gmt":"2021-03-09T21:44:05","guid":{"rendered":"https:\/\/ayconhotels.com\/?page_id=2128"},"modified":"2021-04-24T18:02:21","modified_gmt":"2021-04-24T17:02:21","slug":"beach","status":"publish","type":"page","link":"https:\/\/ayconhotels.com\/me\/beach\/","title":{"rendered":"Pla\u017ea"},"content":{"rendered":"<p>[et_pb_section fb_built=&#8221;1&#8243; fullwidth=&#8221;on&#8221; _builder_version=&#8221;4.9.0&#8243; _module_preset=&#8221;default&#8221; da_disable_devices=&#8221;off|off|off&#8221; da_is_popup=&#8221;off&#8221; da_exit_intent=&#8221;off&#8221; da_has_close=&#8221;on&#8221; da_alt_close=&#8221;off&#8221; da_dark_close=&#8221;off&#8221; da_not_modal=&#8221;on&#8221; da_is_singular=&#8221;off&#8221; da_with_loader=&#8221;off&#8221; da_has_shadow=&#8221;on&#8221;][et_pb_fullwidth_slider _builder_version=&#8221;4.9.2&#8243; _module_preset=&#8221;default&#8221; min_height=&#8221;574.6px&#8221; custom_margin=&#8221;||0px|||&#8221;][et_pb_slide heading=&#8221;BEACH  Hotels&#8221; use_bg_overlay=&#8221;on&#8221; bg_overlay_color=&#8221;RGBA(0,0,0,0.2)&#8221; use_text_overlay=&#8221;off&#8221; _builder_version=&#8221;4.9.2&#8243; _module_preset=&#8221;default&#8221; header_level=&#8221;h2&#8243; header_font=&#8221;Book Antiqua||||||||&#8221; header_font_size=&#8221;60px&#8221; background_color=&#8221;RGBA(0,0,0,0.2)&#8221; background_enable_color=&#8221;on&#8221; background_image=&#8221;https:\/\/ayconhotels.com\/wp-content\/uploads\/2021\/02\/tropical-vacation-whole-family.jpg&#8221; background_enable_image=&#8221;on&#8221; header_font_size_tablet=&#8221;&#8221; header_font_size_phone=&#8221;35px&#8221; header_font_size_last_edited=&#8221;on|desktop&#8221; sticky_transition=&#8221;on&#8221;][\/et_pb_slide][\/et_pb_fullwidth_slider][\/et_pb_section][et_pb_section fb_built=&#8221;1&#8243; custom_padding_last_edited=&#8221;on|phone&#8221; _builder_version=&#8221;4.9.1&#8243; _module_preset=&#8221;default&#8221; custom_margin_tablet=&#8221;&#8221; custom_margin_phone=&#8221;0px||0px||false|false&#8221; custom_margin_last_edited=&#8221;on|phone&#8221; custom_padding=&#8221;0px||1px|||&#8221; custom_padding_tablet=&#8221;&#8221; custom_padding_phone=&#8221;0px||0px||false|false&#8221; da_disable_devices=&#8221;off|off|off&#8221; da_is_popup=&#8221;off&#8221; da_exit_intent=&#8221;off&#8221; da_has_close=&#8221;on&#8221; da_alt_close=&#8221;off&#8221; da_dark_close=&#8221;off&#8221; da_not_modal=&#8221;on&#8221; da_is_singular=&#8221;off&#8221; da_with_loader=&#8221;off&#8221; da_has_shadow=&#8221;on&#8221;][et_pb_row custom_padding_last_edited=&#8221;on|phone&#8221; _builder_version=&#8221;4.9.1&#8243; _module_preset=&#8221;default&#8221; width=&#8221;70%&#8221; width_tablet=&#8221;&#8221; width_phone=&#8221;96%&#8221; width_last_edited=&#8221;on|phone&#8221; max_width=&#8221;100%&#8221; custom_padding_tablet=&#8221;&#8221; custom_padding_phone=&#8221;20px||15px||false|false&#8221; locked=&#8221;off&#8221;][et_pb_column type=&#8221;4_4&#8243; _builder_version=&#8221;4.9.0&#8243; _module_preset=&#8221;default&#8221;][et_pb_text _builder_version=&#8221;4.9.2&#8243; _module_preset=&#8221;default&#8221; text_text_color=&#8221;gcid-cc58e029-1f65-49cb-838f-a75ff8234bb2&#8243; header_text_color=&#8221;gcid-cc58e029-1f65-49cb-838f-a75ff8234bb2&#8243; text_orientation=&#8221;center&#8221; text_orientation_tablet=&#8221;&#8221; text_orientation_phone=&#8221;left&#8221; text_orientation_last_edited=&#8221;on|phone&#8221; global_colors_info=&#8221;{%22gcid-cc58e029-1f65-49cb-838f-a75ff8234bb2%22:%91%22header_text_color%22%93}&#8221;]<\/p>\n<p>Zamislite da se probudite uz umirujuc\u0301i zvuk talasa koji \u0161ume na pla\u017ei i koji u va\u0161e tijelo i um unose mir i spokoj.<\/p>\n<p>Na\u0161i hoteli na pla\u017ei pru\u017eaju vrlo razli\u010dito i jedinstveno iskustvo kombinovanjem prelijepih pejza\u017ea plavog horizonta i slike vjekovnih primorskih gradova.<\/p>\n<p>Blistavi pogledi na more \u010dine Aycon Beach Hotels u potpunosti savr\u0161enim mjestom za u\u017eivanje u ljetnjem odmoru. Kako smo cjelokupnom iskustvu \u017eeljeli da dodamo pravi mediteranski ukus, brinemo da na\u0161i a-la-carte meniji uvek sadr\u017ee svje\u017eu ribu i morske plodove napravljene po tradicionalnim receptima.<\/p>\n<p>Neki ljudi ka\u017eu da ni\u0161ta ne mo\u017ee pobjediti bu\u0111enje uz zvuk talasa. Da li ste znati\u017eeljni da saznate kako je to u Crnoj Gori? Zapo\u010dnite pretragu upravo ovdje.<\/p>\n<p>[\/et_pb_text][\/et_pb_column][\/et_pb_row][et_pb_row column_structure=&#8221;1_4,1_4,1_4,1_4&#8243; _builder_version=&#8221;4.9.2&#8243; _module_preset=&#8221;default&#8221; max_width=&#8221;100%&#8221;][et_pb_column type=&#8221;1_4&#8243; _builder_version=&#8221;4.9.1&#8243; _module_preset=&#8221;default&#8221;][\/et_pb_column][et_pb_column type=&#8221;1_4&#8243; _builder_version=&#8221;4.9.1&#8243; _module_preset=&#8221;default&#8221;][dica_divi_carousel show_items_desktop=&#8221;1&#8243; show_items_tablet=&#8221;1&#8243; item_vertical_align=&#8221;center&#8221; advanced_effect=&#8221;1&#8243; arrow_nav_color=&#8221;rgba(0,29,74,0.44)&#8221; arrow_bg_color=&#8221;RGBA(0,0,0,0)&#8221; dots_active_color=&#8221;gcid-cc58e029-1f65-49cb-838f-a75ff8234bb2&#8243; title_background=&#8221;gcid-cc58e029-1f65-49cb-838f-a75ff8234bb2&#8243; subtitle_background=&#8221;gcid-cc58e029-1f65-49cb-838f-a75ff8234bb2&#8243; arrow_show_hover=&#8221;on&#8221; arrow_alignment=&#8221;center&#8221; arrow_font_size=&#8221;42px&#8221; carousel_container_padding=&#8221;10px||10px|0px|true|false&#8221; image_container_margin=&#8221;||5px||false|false&#8221; image_container_padding=&#8221;|8px|0px|8px|false|true&#8221; title_margin=&#8221;5px||||false|false&#8221; _builder_version=&#8221;4.9.3&#8243; _module_preset=&#8221;default&#8221; title_font=&#8221;Book Antiqua||||||||&#8221; title_text_align=&#8221;center&#8221; title_text_color=&#8221;gcid-cc58e029-1f65-49cb-838f-a75ff8234bb2&#8243; title_font_size=&#8221;22px&#8221; subtitle_font=&#8221;Book Antiqua||||||||&#8221; subtitle_text_align=&#8221;center&#8221; subtitle_text_color=&#8221;gcid-cc58e029-1f65-49cb-838f-a75ff8234bb2&#8243; subtitle_font_size=&#8221;22px&#8221; body_text_align=&#8221;center&#8221; body_text_color=&#8221;gcid-cc58e029-1f65-49cb-838f-a75ff8234bb2&#8243; background_color=&#8221;RGBA(0,0,0,0)&#8221; custom_css_main_element=&#8221;box-shadow:         4px 4px 18px 0px rgba(0,0,0,0.3);||&#8221; global_module=&#8221;1616&#8243; saved_tabs=&#8221;all&#8221; locked=&#8221;off&#8221; global_colors_info=&#8221;{%22gcid-cc58e029-1f65-49cb-838f-a75ff8234bb2%22:%91%22title_background%22,%22body_text_color%22,%22subtitle_background%22,%22subtitle_text_color%22,%22title_text_color%22,%22dots_active_color%22%93}&#8221; arrow_nav_color__hover_enabled=&#8221;off|desktop&#8221; transform_styles__hover_enabled=&#8221;off|hover&#8221; transform_scale__hover_enabled=&#8221;off|hover&#8221; transform_translate__hover_enabled=&#8221;off|hover&#8221; transform_rotate__hover_enabled=&#8221;off|hover&#8221; transform_skew__hover_enabled=&#8221;off|hover&#8221; transform_origin__hover_enabled=&#8221;off|hover&#8221; transform_scale__hover=&#8221;105%|105%&#8221;][dica_divi_carouselitem title=&#8221;HOTEL CALIFORNIA&#8221; sub_title=&#8221;by Aycon&#8221; button_text=&#8221;Book Now&#8221; button_url=&#8221;https:\/\/secure.phobs.net\/webservice\/booking\/index.php?&#038;site_id=ajkovic&#038;hotel=745f759fd7ea862a442dba05390c30bf&#8221; button_url_new_window=&#8221;1&#8243; image=&#8221;https:\/\/ayconhotels.com\/wp-content\/uploads\/2021\/03\/0064.jpg&#8221; image_lightbox=&#8221;off&#8221; _builder_version=&#8221;4.9.3&#8243; _dynamic_attributes=&#8221;link_option_url&#8221; _module_preset=&#8221;default&#8221; custom_button=&#8221;on&#8221; button_text_color=&#8221;#FFFFFF&#8221; button_bg_use_color_gradient=&#8221;on&#8221; button_bg_color_gradient_start=&#8221;#f1ca63&#8243; button_bg_color_gradient_end=&#8221;#816a2e&#8221; button_border_width=&#8221;0px&#8221; button_border_color=&#8221;RGBA(0,0,0,0)&#8221; button_border_radius=&#8221;15px&#8221; button_font=&#8221;Open Sans||||||||&#8221; button_use_icon=&#8221;on&#8221; button_on_hover=&#8221;on&#8221; button_alignment=&#8221;center&#8221; link_option_url=&#8221;@ET-DC@eyJkeW5hbWljIjp0cnVlLCJjb250ZW50IjoicG9zdF9saW5rX3VybF9wYWdlIiwic2V0dGluZ3MiOnsicG9zdF9pZCI6IjkyNSJ9fQ==@&#8221;]<\/p>\n<p>Sveti Stefan<br \/><span>\u2605\u2605\u2605\u2605\u2605<\/span><br \/><strong>PONUDA -25%<\/strong><\/p>\n<p>[\/dica_divi_carouselitem][\/dica_divi_carousel][\/et_pb_column][et_pb_column type=&#8221;1_4&#8243; _builder_version=&#8221;4.9.1&#8243; _module_preset=&#8221;default&#8221;][dica_divi_carousel show_items_desktop=&#8221;1&#8243; show_items_tablet=&#8221;1&#8243; item_vertical_align=&#8221;center&#8221; advanced_effect=&#8221;1&#8243; arrow_nav_color=&#8221;rgba(0,29,74,0.44)&#8221; arrow_bg_color=&#8221;RGBA(0,0,0,0)&#8221; dots_active_color=&#8221;gcid-cc58e029-1f65-49cb-838f-a75ff8234bb2&#8243; title_background=&#8221;gcid-cc58e029-1f65-49cb-838f-a75ff8234bb2&#8243; subtitle_background=&#8221;gcid-cc58e029-1f65-49cb-838f-a75ff8234bb2&#8243; arrow_show_hover=&#8221;on&#8221; arrow_alignment=&#8221;center&#8221; arrow_font_size=&#8221;42px&#8221; carousel_container_padding=&#8221;10px||10px|0px|true|false&#8221; image_container_margin=&#8221;||5px||false|false&#8221; image_container_padding=&#8221;|8px|0px|8px|false|true&#8221; title_margin=&#8221;5px||||false|false&#8221; _builder_version=&#8221;4.9.3&#8243; _module_preset=&#8221;default&#8221; title_font=&#8221;Book Antiqua||||||||&#8221; title_text_align=&#8221;center&#8221; title_text_color=&#8221;gcid-cc58e029-1f65-49cb-838f-a75ff8234bb2&#8243; title_font_size=&#8221;22px&#8221; subtitle_font=&#8221;Book Antiqua||||||||&#8221; subtitle_text_align=&#8221;center&#8221; subtitle_text_color=&#8221;gcid-cc58e029-1f65-49cb-838f-a75ff8234bb2&#8243; subtitle_font_size=&#8221;22px&#8221; body_text_align=&#8221;center&#8221; body_text_color=&#8221;gcid-cc58e029-1f65-49cb-838f-a75ff8234bb2&#8243; background_color=&#8221;RGBA(0,0,0,0)&#8221; custom_css_main_element=&#8221;box-shadow:         4px 4px 18px 0px rgba(0,0,0,0.3);||&#8221; global_module=&#8221;1617&#8243; locked=&#8221;off&#8221; global_colors_info=&#8221;{%22gcid-cc58e029-1f65-49cb-838f-a75ff8234bb2%22:%91%22title_background%22,%22body_text_color%22,%22subtitle_background%22,%22subtitle_text_color%22,%22title_text_color%22,%22dots_active_color%22%93}&#8221; arrow_nav_color__hover_enabled=&#8221;off|desktop&#8221; transform_styles__hover_enabled=&#8221;off|hover&#8221; transform_scale__hover_enabled=&#8221;off|hover&#8221; transform_translate__hover_enabled=&#8221;off|hover&#8221; transform_rotate__hover_enabled=&#8221;off|hover&#8221; transform_skew__hover_enabled=&#8221;off|hover&#8221; transform_origin__hover_enabled=&#8221;off|hover&#8221; transform_scale__hover=&#8221;105%|105%&#8221;][dica_divi_carouselitem title=&#8221;HOTEL RIVA&#8221; sub_title=&#8221;by Aycon&#8221; button_text=&#8221;Book Now&#8221; button_url=&#8221;https:\/\/secure.phobs.net\/webservice\/booking\/index.php?&#038;site_id=ajkovic&#038;hotel=Ea6d69bd631118c3a7588f69b41dd15c&#8221; button_url_new_window=&#8221;1&#8243; image=&#8221;https:\/\/ayconhotels.com\/wp-content\/uploads\/2021\/03\/55-1.jpg&#8221; image_lightbox=&#8221;off&#8221; _builder_version=&#8221;4.9.3&#8243; _dynamic_attributes=&#8221;link_option_url&#8221; _module_preset=&#8221;default&#8221; custom_button=&#8221;on&#8221; button_text_color=&#8221;#FFFFFF&#8221; button_bg_use_color_gradient=&#8221;on&#8221; button_bg_color_gradient_start=&#8221;#f1ca63&#8243; button_bg_color_gradient_end=&#8221;#816a2e&#8221; button_border_width=&#8221;0px&#8221; button_border_color=&#8221;RGBA(0,0,0,0)&#8221; button_border_radius=&#8221;15px&#8221; button_font=&#8221;Open Sans||||||||&#8221; button_use_icon=&#8221;on&#8221; button_on_hover=&#8221;on&#8221; button_alignment=&#8221;center&#8221; link_option_url=&#8221;@ET-DC@eyJkeW5hbWljIjp0cnVlLCJjb250ZW50IjoicG9zdF9saW5rX3VybF9wYWdlIiwic2V0dGluZ3MiOnsicG9zdF9pZCI6IjE5NzIifX0=@&#8221;]<\/p>\n<p>Petrovac<br \/><span>\u2605\u2605\u2605\u2605<\/span><br \/><strong>PONUDA -25%<\/strong><\/p>\n<p>[\/dica_divi_carouselitem][\/dica_divi_carousel][\/et_pb_column][et_pb_column type=&#8221;1_4&#8243; _builder_version=&#8221;4.9.1&#8243; _module_preset=&#8221;default&#8221;][\/et_pb_column][\/et_pb_row][\/et_pb_section][et_pb_section fb_built=&#8221;1&#8243; custom_padding_last_edited=&#8221;on|phone&#8221; _builder_version=&#8221;4.9.1&#8243; _module_preset=&#8221;default&#8221; custom_margin=&#8221;||40px||false|false&#8221; custom_padding=&#8221;0px||0px|||&#8221; custom_padding_tablet=&#8221;&#8221; custom_padding_phone=&#8221;20px||0px||false|false&#8221; da_disable_devices=&#8221;off|off|off&#8221; global_module=&#8221;877&#8243; saved_tabs=&#8221;all&#8221; locked=&#8221;off&#8221; da_is_popup=&#8221;off&#8221; da_exit_intent=&#8221;off&#8221; da_has_close=&#8221;on&#8221; da_alt_close=&#8221;off&#8221; da_dark_close=&#8221;off&#8221; da_not_modal=&#8221;on&#8221; da_is_singular=&#8221;off&#8221; da_with_loader=&#8221;off&#8221; da_has_shadow=&#8221;on&#8221;][et_pb_row custom_padding_last_edited=&#8221;on|tablet&#8221; _builder_version=&#8221;4.9.1&#8243; _module_preset=&#8221;default&#8221; custom_padding=&#8221;40px||4px|||&#8221; custom_padding_tablet=&#8221;0px||||false|false&#8221; custom_padding_phone=&#8221;&#8221;][et_pb_column type=&#8221;4_4&#8243; _builder_version=&#8221;4.9.0&#8243; _module_preset=&#8221;default&#8221;][et_pb_text _builder_version=&#8221;4.9.1&#8243; _module_preset=&#8221;default&#8221; text_text_color=&#8221;#001D4A&#8221; header_font=&#8221;Book Antiqua|700|||||||&#8221; header_text_align=&#8221;center&#8221; global_colors_info=&#8221;{%22gcid-cc58e029-1f65-49cb-838f-a75ff8234bb2%22:%91%22header_text_color%22%93}&#8221; header_text_color=&#8221;gcid-cc58e029-1f65-49cb-838f-a75ff8234bb2&#8243;]<\/p>\n<h1>Istra\u017eite Crnu Goru<\/h1>\n<p>[\/et_pb_text][\/et_pb_column][\/et_pb_row][et_pb_row column_structure=&#8221;1_2,1_2&#8243; use_custom_gutter=&#8221;on&#8221; gutter_width=&#8221;1&#8243; make_equal=&#8221;on&#8221; custom_padding_last_edited=&#8221;on|phone&#8221; _builder_version=&#8221;4.9.2&#8243; _module_preset=&#8221;default&#8221; width_tablet=&#8221;&#8221; width_phone=&#8221;96%&#8221; width_last_edited=&#8221;on|phone&#8221; max_width=&#8221;100%&#8221; module_alignment=&#8221;center&#8221; custom_margin=&#8221;1px|auto|0px|auto|false|false&#8221; custom_padding=&#8221;||0px|||&#8221; custom_padding_tablet=&#8221;&#8221; custom_padding_phone=&#8221;10px||0px||false|false&#8221; locked=&#8221;off&#8221;][et_pb_column type=&#8221;1_2&#8243; _builder_version=&#8221;4.9.2&#8243; _dynamic_attributes=&#8221;link_option_url&#8221; _module_preset=&#8221;default&#8221; background_color=&#8221;rgba(0,0,0,0.2)&#8221; background_image=&#8221;https:\/\/ayconhotels.com\/wp-content\/uploads\/2021\/02\/huge-cruise-liner-ship-port-kotor-city-montenegro.jpg&#8221; background_blend=&#8221;darken&#8221; custom_padding=&#8221;255px|10px|10px|20px|false|false&#8221; link_option_url=&#8221;@ET-DC@eyJkeW5hbWljIjp0cnVlLCJjb250ZW50IjoicG9zdF9saW5rX3VybF9wYWdlIiwic2V0dGluZ3MiOnsicG9zdF9pZCI6IjIzNjMifX0=@&#8221; border_width_all=&#8221;3px&#8221; border_color_all=&#8221;#FFFFFF&#8221; transform_styles__hover_enabled=&#8221;on|hover&#8221; transform_scale__hover_enabled=&#8221;on|hover&#8221; transform_translate__hover_enabled=&#8221;on|desktop&#8221; transform_rotate__hover_enabled=&#8221;on|desktop&#8221; transform_skew__hover_enabled=&#8221;on|desktop&#8221; transform_origin__hover_enabled=&#8221;on|desktop&#8221; transform_scale__hover=&#8221;102%|102%&#8221;][et_pb_text _builder_version=&#8221;4.9.1&#8243; _module_preset=&#8221;default&#8221; text_font=&#8221;Open Sans|700|||||||&#8221; text_text_color=&#8221;#001D4A&#8221; text_font_size=&#8221;22px&#8221; header_2_text_color=&#8221;#FFFFFF&#8221; header_2_font_size=&#8221;30px&#8221; global_colors_info=&#8221;{%22gcid-cc58e029-1f65-49cb-838f-a75ff8234bb2%22:%91%22header_text_color%22%93}&#8221; header_text_color=&#8221;gcid-cc58e029-1f65-49cb-838f-a75ff8234bb2&#8243;]<\/p>\n<h2><strong>Boka Kotorska<\/strong><\/h2>\n<p>[\/et_pb_text][\/et_pb_column][et_pb_column type=&#8221;1_2&#8243; _builder_version=&#8221;4.9.1&#8243; _dynamic_attributes=&#8221;link_option_url&#8221; _module_preset=&#8221;default&#8221; background_color=&#8221;rgba(0,0,0,0.2)&#8221; background_image=&#8221;https:\/\/ayconhotels.com\/wp-content\/uploads\/2021\/02\/The-mausoleum-of-Njegos-870&#215;400-1.jpg&#8221; background_blend=&#8221;darken&#8221; custom_padding=&#8221;255px|10px|10px|20px|false|false&#8221; link_option_url=&#8221;@ET-DC@eyJkeW5hbWljIjp0cnVlLCJjb250ZW50IjoicG9zdF9saW5rX3VybF9wYWdlIiwic2V0dGluZ3MiOnsicG9zdF9pZCI6IjIzNzMifX0=@&#8221; border_width_all=&#8221;3px&#8221; border_color_all=&#8221;#FFFFFF&#8221; transform_scale__hover=&#8221;102%|102%&#8221; transform_scale__hover_enabled=&#8221;on|hover&#8221; transform_styles__hover_enabled=&#8221;on|hover&#8221; transform_translate__hover_enabled=&#8221;on|desktop&#8221; transform_rotate__hover_enabled=&#8221;on|desktop&#8221; transform_skew__hover_enabled=&#8221;on|desktop&#8221; transform_origin__hover_enabled=&#8221;on|desktop&#8221;][et_pb_text _builder_version=&#8221;4.9.0&#8243; _module_preset=&#8221;default&#8221; text_font=&#8221;Open Sans|700|||||||&#8221; text_text_color=&#8221;#001D4A&#8221; text_font_size=&#8221;22px&#8221; header_2_text_color=&#8221;#FFFFFF&#8221; header_2_font_size=&#8221;30px&#8221; global_colors_info=&#8221;{%22gcid-cc58e029-1f65-49cb-838f-a75ff8234bb2%22:%91%22header_text_color%22%93}&#8221; header_text_color=&#8221;gcid-cc58e029-1f65-49cb-838f-a75ff8234bb2&#8243;]<\/p>\n<h2><b>Lov\u0107en<\/b><\/h2>\n<p>[\/et_pb_text][\/et_pb_column][\/et_pb_row][et_pb_row column_structure=&#8221;1_2,1_2&#8243; use_custom_gutter=&#8221;on&#8221; gutter_width=&#8221;1&#8243; make_equal=&#8221;on&#8221; _builder_version=&#8221;4.9.1&#8243; _module_preset=&#8221;default&#8221; width_tablet=&#8221;&#8221; width_phone=&#8221;96%&#8221; width_last_edited=&#8221;on|phone&#8221; max_width=&#8221;100%&#8221; module_alignment=&#8221;center&#8221; custom_margin=&#8221;0px||||false|false&#8221; custom_padding=&#8221;0px||0px||false|false&#8221; locked=&#8221;off&#8221;][et_pb_column type=&#8221;1_2&#8243; _builder_version=&#8221;4.9.1&#8243; _dynamic_attributes=&#8221;link_option_url&#8221; _module_preset=&#8221;default&#8221; background_color=&#8221;rgba(0,0,0,0.2)&#8221; background_image=&#8221;https:\/\/ayconhotels.com\/wp-content\/uploads\/2021\/02\/1593509429.jpg&#8221; background_blend=&#8221;darken&#8221; custom_padding=&#8221;255px|10px|10px|20px|false|false&#8221; link_option_url=&#8221;@ET-DC@eyJkeW5hbWljIjp0cnVlLCJjb250ZW50IjoicG9zdF9saW5rX3VybF9wYWdlIiwic2V0dGluZ3MiOnsicG9zdF9pZCI6IjIzODcifX0=@&#8221; border_width_all=&#8221;3px&#8221; border_color_all=&#8221;#FFFFFF&#8221; transform_scale__hover=&#8221;102%|102%&#8221; transform_scale__hover_enabled=&#8221;on|hover&#8221; transform_styles__hover_enabled=&#8221;on|hover&#8221; transform_translate__hover_enabled=&#8221;on|desktop&#8221; transform_rotate__hover_enabled=&#8221;on|desktop&#8221; transform_skew__hover_enabled=&#8221;on|desktop&#8221; transform_origin__hover_enabled=&#8221;on|desktop&#8221;][et_pb_text _builder_version=&#8221;4.9.0&#8243; _module_preset=&#8221;default&#8221; text_font=&#8221;Open Sans|700|||||||&#8221; text_text_color=&#8221;#001d4a&#8221; text_font_size=&#8221;22px&#8221; header_text_color=&#8221;gcid-cc58e029-1f65-49cb-838f-a75ff8234bb2&#8243; header_2_text_color=&#8221;#FFFFFF&#8221; header_2_font_size=&#8221;30px&#8221; global_colors_info=&#8221;{%22gcid-cc58e029-1f65-49cb-838f-a75ff8234bb2%22:%91%22header_text_color%22%93}&#8221;]<\/p>\n<h2><b>Ada Bojana<\/b><\/h2>\n<p>[\/et_pb_text][\/et_pb_column][et_pb_column type=&#8221;1_2&#8243; _builder_version=&#8221;4.9.1&#8243; _dynamic_attributes=&#8221;link_option_url&#8221; _module_preset=&#8221;default&#8221; background_color=&#8221;rgba(0,0,0,0.2)&#8221; background_image=&#8221;https:\/\/ayconhotels.com\/wp-content\/uploads\/2021\/02\/skadarsko-jezero-crna-gora-1.jpg&#8221; background_blend=&#8221;darken&#8221; custom_padding=&#8221;255px|10px|10px|20px|false|false&#8221; link_option_url=&#8221;@ET-DC@eyJkeW5hbWljIjp0cnVlLCJjb250ZW50IjoicG9zdF9saW5rX3VybF9wYWdlIiwic2V0dGluZ3MiOnsicG9zdF9pZCI6IjIzODEifX0=@&#8221; border_width_all=&#8221;3px&#8221; border_color_all=&#8221;#FFFFFF&#8221; transform_scale__hover=&#8221;102%|102%&#8221; transform_scale__hover_enabled=&#8221;on|hover&#8221; transform_styles__hover_enabled=&#8221;on|hover&#8221; transform_translate__hover_enabled=&#8221;on|desktop&#8221; transform_rotate__hover_enabled=&#8221;on|desktop&#8221; transform_skew__hover_enabled=&#8221;on|desktop&#8221; transform_origin__hover_enabled=&#8221;on|desktop&#8221;][et_pb_text _builder_version=&#8221;4.9.1&#8243; _module_preset=&#8221;default&#8221; text_font=&#8221;Open Sans|700|||||||&#8221; text_text_color=&#8221;#001d4a&#8221; text_font_size=&#8221;22px&#8221; header_text_color=&#8221;gcid-cc58e029-1f65-49cb-838f-a75ff8234bb2&#8243; header_2_text_color=&#8221;#FFFFFF&#8221; header_2_font_size=&#8221;30px&#8221; global_colors_info=&#8221;{%22gcid-cc58e029-1f65-49cb-838f-a75ff8234bb2%22:%91%22header_text_color%22%93}&#8221;]<\/p>\n<h2><b>Skadarsko Jezero<\/b><\/h2>\n<p>[\/et_pb_text][\/et_pb_column][\/et_pb_row][\/et_pb_section][et_pb_section fb_built=&#8221;1&#8243; _builder_version=&#8221;4.9.2&#8243; _module_preset=&#8221;default&#8221; use_background_color_gradient=&#8221;on&#8221; background_color_gradient_start=&#8221;#ffffff&#8221; background_color_gradient_end=&#8221;rgba(0,0,0,0)&#8221; background_color_gradient_end_position=&#8221;61%&#8221; background_color_gradient_overlays_image=&#8221;on&#8221; background_image=&#8221;https:\/\/ayconhotels.com\/wp-content\/uploads\/2021\/03\/mediterranean-sea-1.jpg&#8221; background_position=&#8221;top_center&#8221; width=&#8221;100%&#8221; width_tablet=&#8221;&#8221; width_phone=&#8221;100%&#8221; width_last_edited=&#8221;on|phone&#8221; module_alignment=&#8221;center&#8221; custom_padding=&#8221;222px||||false|false&#8221; da_disable_devices=&#8221;off|off|off&#8221; global_module=&#8221;71&#8243; locked=&#8221;off&#8221; da_is_popup=&#8221;off&#8221; da_exit_intent=&#8221;off&#8221; da_has_close=&#8221;on&#8221; da_alt_close=&#8221;off&#8221; da_dark_close=&#8221;off&#8221; da_not_modal=&#8221;on&#8221; da_is_singular=&#8221;off&#8221; da_with_loader=&#8221;off&#8221; da_has_shadow=&#8221;on&#8221;][et_pb_row _builder_version=&#8221;4.9.0&#8243; _module_preset=&#8221;default&#8221;][et_pb_column type=&#8221;4_4&#8243; _builder_version=&#8221;4.9.0&#8243; _module_preset=&#8221;default&#8221;][et_pb_text _builder_version=&#8221;4.9.3&#8243; _module_preset=&#8221;default&#8221; text_font=&#8221;Nothing You Could Do|500|||||||&#8221; text_font_size=&#8221;60px&#8221; header_text_color=&#8221;gcid-cc58e029-1f65-49cb-838f-a75ff8234bb2&#8243; text_orientation=&#8221;center&#8221; text_font_size_tablet=&#8221;&#8221; text_font_size_phone=&#8221;50px&#8221; text_font_size_last_edited=&#8221;on|phone&#8221; text_line_height_tablet=&#8221;&#8221; text_line_height_phone=&#8221;1.9em&#8221; text_line_height_last_edited=&#8221;on|phone&#8221; global_colors_info=&#8221;{%22gcid-cc58e029-1f65-49cb-838f-a75ff8234bb2%22:%91%22header_text_color%22%93}&#8221;]<\/p>\n<p><span>Aycon Hotels<\/span><\/p>\n<p>[\/et_pb_text][et_pb_text _builder_version=&#8221;4.9.4&#8243; _module_preset=&#8221;default&#8221; text_font=&#8221;Book Antiqua||||||||&#8221; text_font_size=&#8221;21px&#8221; header_text_color=&#8221;gcid-cc58e029-1f65-49cb-838f-a75ff8234bb2&#8243; text_orientation=&#8221;center&#8221; hover_enabled=&#8221;0&#8243; global_colors_info=&#8221;{%22gcid-cc58e029-1f65-49cb-838f-a75ff8234bb2%22:%91%22header_text_color%22%93}&#8221; sticky_enabled=&#8221;0&#8243;]<\/p>\n<p>experience your dreams&#8230;<\/p>\n<p>[\/et_pb_text][\/et_pb_column][\/et_pb_row][\/et_pb_section][et_pb_section fb_built=&#8221;1&#8243; _builder_version=&#8221;4.9.0&#8243; _module_preset=&#8221;default&#8221; custom_margin=&#8221;||0px||false|false&#8221; custom_padding=&#8221;0px||0px||false|false&#8221; da_disable_devices=&#8221;off|off|off&#8221; da_is_popup=&#8221;off&#8221; da_exit_intent=&#8221;off&#8221; da_has_close=&#8221;on&#8221; da_alt_close=&#8221;off&#8221; da_dark_close=&#8221;off&#8221; da_not_modal=&#8221;on&#8221; da_is_singular=&#8221;off&#8221; da_with_loader=&#8221;off&#8221; da_has_shadow=&#8221;on&#8221;][et_pb_row _builder_version=&#8221;4.9.0&#8243; _module_preset=&#8221;default&#8221; width=&#8221;100%&#8221; max_width=&#8221;100%&#8221; custom_padding=&#8221;0px||0px|||&#8221;][et_pb_column type=&#8221;4_4&#8243; _builder_version=&#8221;4.9.0&#8243; _module_preset=&#8221;default&#8221;][et_pb_code _builder_version=&#8221;4.9.2&#8243; _module_preset=&#8221;default&#8221; width=&#8221;100%&#8221; max_width=&#8221;100%&#8221; custom_margin=&#8221;0px||0px||true|false&#8221; custom_padding=&#8221;0px||0px||true|false&#8221;]<iframe loading=\"lazy\" src=\"https:\/\/www.google.com\/maps\/d\/embed?mid=1Nlx3RjITq2ZA_x7Bg66I_TmfRZRnsoN0\" width=\"100%\" height=\"480\"><\/iframe>[\/et_pb_code][\/et_pb_column][\/et_pb_row][\/et_pb_section]<\/p>","protected":false},"excerpt":{"rendered":"<p>Imagine you wake up not to the buzzing alarm that rushes you out of the bed, but to the soothing sound of waves splashing onto the beach that brings peace and tranquility to your body and mind. Our Beach hotels provide a very distinct and unique experience by combining the beautiful scenery of the blue [&hellip;]<\/p>","protected":false},"author":1,"featured_media":0,"parent":0,"menu_order":0,"comment_status":"closed","ping_status":"closed","template":"","meta":{"_et_pb_use_builder":"on","_et_pb_old_content":"","_et_gb_content_width":"","footnotes":""},"class_list":["post-2128","page","type-page","status-publish","hentry"],"_links":{"self":[{"href":"https:\/\/ayconhotels.com\/me\/wp-json\/wp\/v2\/pages\/2128","targetHints":{"allow":["GET"]}}],"collection":[{"href":"https:\/\/ayconhotels.com\/me\/wp-json\/wp\/v2\/pages"}],"about":[{"href":"https:\/\/ayconhotels.com\/me\/wp-json\/wp\/v2\/types\/page"}],"author":[{"embeddable":true,"href":"https:\/\/ayconhotels.com\/me\/wp-json\/wp\/v2\/users\/1"}],"replies":[{"embeddable":true,"href":"https:\/\/ayconhotels.com\/me\/wp-json\/wp\/v2\/comments?post=2128"}],"version-history":[{"count":10,"href":"https:\/\/ayconhotels.com\/me\/wp-json\/wp\/v2\/pages\/2128\/revisions"}],"predecessor-version":[{"id":5167,"href":"https:\/\/ayconhotels.com\/me\/wp-json\/wp\/v2\/pages\/2128\/revisions\/5167"}],"wp:attachment":[{"href":"https:\/\/ayconhotels.com\/me\/wp-json\/wp\/v2\/media?parent=2128"}],"curies":[{"name":"wp","href":"https:\/\/api.w.org\/{rel}","templated":true}]}}