{"id":4307,"date":"2021-04-07T22:26:06","date_gmt":"2021-04-07T21:26:06","guid":{"rendered":"https:\/\/ayconhotels.com\/?page_id=4307"},"modified":"2021-04-07T22:33:35","modified_gmt":"2021-04-07T21:33:35","slug":"jobs","status":"publish","type":"page","link":"https:\/\/ayconhotels.com\/me\/jobs\/","title":{"rendered":"Posao"},"content":{"rendered":"<p>[et_pb_section fb_built=&#8221;1&#8243; fullwidth=&#8221;on&#8221; _builder_version=&#8221;4.9.0&#8243; _module_preset=&#8221;default&#8221; da_disable_devices=&#8221;off|off|off&#8221; da_is_popup=&#8221;off&#8221; da_exit_intent=&#8221;off&#8221; da_has_close=&#8221;on&#8221; da_alt_close=&#8221;off&#8221; da_dark_close=&#8221;off&#8221; da_not_modal=&#8221;on&#8221; da_is_singular=&#8221;off&#8221; da_with_loader=&#8221;off&#8221; da_has_shadow=&#8221;on&#8221;][et_pb_fullwidth_slider _builder_version=&#8221;4.9.3&#8243; _module_preset=&#8221;default&#8221; min_height=&#8221;645.2px&#8221; hover_enabled=&#8221;0&#8243; sticky_enabled=&#8221;0&#8243;][et_pb_slide heading=&#8221;JOBS&#8221; use_bg_overlay=&#8221;on&#8221; bg_overlay_color=&#8221;RGBA(0,0,0,0.2)&#8221; use_text_overlay=&#8221;off&#8221; _builder_version=&#8221;4.9.3&#8243; _module_preset=&#8221;default&#8221; header_level=&#8221;h2&#8243; header_font=&#8221;Book Antiqua||||||||&#8221; header_font_size=&#8221;60px&#8221; background_color=&#8221;RGBA(0,0,0,0.2)&#8221; background_enable_color=&#8221;on&#8221; background_image=&#8221;https:\/\/ayconhotels.com\/wp-content\/uploads\/2021\/04\/hr-handshaking-successful-candidate-getting-hired-new-job-closeup.jpg&#8221; background_enable_image=&#8221;on&#8221; hover_enabled=&#8221;0&#8243; header_font_size_tablet=&#8221;&#8221; header_font_size_phone=&#8221;35px&#8221; header_font_size_last_edited=&#8221;on|phone&#8221; sticky_transition=&#8221;on&#8221; sticky_enabled=&#8221;0&#8243; title_text=&#8221;hr-handshaking-successful-candidate-getting-hired-new-job-closeup&#8221;][\/et_pb_slide][\/et_pb_fullwidth_slider][\/et_pb_section][et_pb_section fb_built=&#8221;1&#8243; custom_padding_last_edited=&#8221;on|phone&#8221; _builder_version=&#8221;4.9.1&#8243; _module_preset=&#8221;default&#8221; custom_margin_tablet=&#8221;&#8221; custom_margin_phone=&#8221;0px||0px||false|false&#8221; custom_margin_last_edited=&#8221;on|phone&#8221; custom_padding=&#8221;0px||1px|||&#8221; custom_padding_tablet=&#8221;&#8221; custom_padding_phone=&#8221;0px||0px||false|false&#8221; da_disable_devices=&#8221;off|off|off&#8221; da_is_popup=&#8221;off&#8221; da_exit_intent=&#8221;off&#8221; da_has_close=&#8221;on&#8221; da_alt_close=&#8221;off&#8221; da_dark_close=&#8221;off&#8221; da_not_modal=&#8221;on&#8221; da_is_singular=&#8221;off&#8221; da_with_loader=&#8221;off&#8221; da_has_shadow=&#8221;on&#8221;][et_pb_row custom_padding_last_edited=&#8221;on|phone&#8221; _builder_version=&#8221;4.9.1&#8243; _module_preset=&#8221;default&#8221; width=&#8221;70%&#8221; width_tablet=&#8221;&#8221; width_phone=&#8221;96%&#8221; width_last_edited=&#8221;on|phone&#8221; max_width=&#8221;100%&#8221; custom_padding_tablet=&#8221;&#8221; custom_padding_phone=&#8221;20px||15px||false|false&#8221; locked=&#8221;off&#8221;][et_pb_column type=&#8221;4_4&#8243; _builder_version=&#8221;4.9.0&#8243; _module_preset=&#8221;default&#8221;][et_pb_text _builder_version=&#8221;4.9.3&#8243; _module_preset=&#8221;default&#8221; text_text_color=&#8221;#001D4A&#8221; header_text_color=&#8221;gcid-cc58e029-1f65-49cb-838f-a75ff8234bb2&#8243; text_orientation=&#8221;center&#8221; hover_enabled=&#8221;0&#8243; text_orientation_tablet=&#8221;&#8221; text_orientation_phone=&#8221;left&#8221; text_orientation_last_edited=&#8221;on|phone&#8221; global_colors_info=&#8221;{%22gcid-cc58e029-1f65-49cb-838f-a75ff8234bb2%22:%91%22header_text_color%22%93}&#8221; sticky_enabled=&#8221;0&#8243;]<span>U Aycon Hotels Group \u017eelimo da vam pru\u017eimo priliku da radite u brzo rastuc\u0301oj kompaniji punoj visokokvalifikovanih stru\u010dnjaka. Verujemo u jednake moguc\u0301nosti za sve ljude u kompaniji, timski rad i stalne inovacije kako bi nastavili da rastemo.<\/span><br \/>\n<span>Ako \u017eelite da se pridru\u017eite, ne ustru\u010davajte se da nas kontaktirate.<\/span><\/p>\n<p><span>Po\u0161aljite nam svoj CV na\u00a0<a href=\"mailto:reservations@ayconhotels.com\">reservations@ayconhotels.com<\/a><\/span>[\/et_pb_text][\/et_pb_column][\/et_pb_row][\/et_pb_section][et_pb_section fb_built=&#8221;1&#8243; _builder_version=&#8221;4.9.2&#8243; _module_preset=&#8221;default&#8221; background_image=&#8221;https:\/\/ayconhotels.com\/wp-content\/uploads\/2021\/03\/mediterranean-sea-1.jpg&#8221; background_position=&#8221;top_center&#8221; width=&#8221;100%&#8221; width_tablet=&#8221;&#8221; width_phone=&#8221;100%&#8221; width_last_edited=&#8221;on|phone&#8221; module_alignment=&#8221;center&#8221; custom_padding=&#8221;222px||||false|false&#8221; da_disable_devices=&#8221;off|off|off&#8221; global_module=&#8221;71&#8243; da_is_popup=&#8221;off&#8221; da_exit_intent=&#8221;off&#8221; da_has_close=&#8221;on&#8221; da_alt_close=&#8221;off&#8221; da_dark_close=&#8221;off&#8221; da_not_modal=&#8221;on&#8221; da_is_singular=&#8221;off&#8221; da_with_loader=&#8221;off&#8221; da_has_shadow=&#8221;on&#8221;][et_pb_row _builder_version=&#8221;4.9.0&#8243; _module_preset=&#8221;default&#8221;][et_pb_column type=&#8221;4_4&#8243; _builder_version=&#8221;4.9.0&#8243; _module_preset=&#8221;default&#8221;][et_pb_text _builder_version=&#8221;4.9.2&#8243; _module_preset=&#8221;default&#8221; text_font=&#8221;Nothing You Could Do|500|||||||&#8221; text_font_size=&#8221;60px&#8221; header_text_color=&#8221;gcid-cc58e029-1f65-49cb-838f-a75ff8234bb2&#8243; text_orientation=&#8221;center&#8221; global_colors_info=&#8221;{%22gcid-cc58e029-1f65-49cb-838f-a75ff8234bb2%22:%91%22header_text_color%22%93}&#8221;]<\/p>\n<p><span>Aycon Hotels<\/span><\/p>\n<p>[\/et_pb_text][et_pb_text _builder_version=&#8221;4.9.2&#8243; _module_preset=&#8221;default&#8221; text_font=&#8221;Book Antiqua||||||||&#8221; text_font_size=&#8221;21px&#8221; header_text_color=&#8221;gcid-cc58e029-1f65-49cb-838f-a75ff8234bb2&#8243; text_orientation=&#8221;center&#8221; global_colors_info=&#8221;{%22gcid-cc58e029-1f65-49cb-838f-a75ff8234bb2%22:%91%22header_text_color%22%93}&#8221;]<\/p>\n<p>experience what you dream&#8230;<\/p>\n<p>[\/et_pb_text][\/et_pb_column][\/et_pb_row][\/et_pb_section]<\/p>","protected":false},"excerpt":{"rendered":"<p>At Aycon Hotels Group we want to give you the opportunity to work in a fast growing company full of highly qualified professionals. We believe in the equality of opportunities for all the people in the company, teamwork and constant innovation to keep growing. If you want to join don\u2019t hesitate to contact us. Send [&hellip;]<\/p>","protected":false},"author":1,"featured_media":0,"parent":0,"menu_order":0,"comment_status":"closed","ping_status":"closed","template":"","meta":{"_et_pb_use_builder":"on","_et_pb_old_content":"","_et_gb_content_width":"","footnotes":""},"class_list":["post-4307","page","type-page","status-publish","hentry"],"_links":{"self":[{"href":"https:\/\/ayconhotels.com\/me\/wp-json\/wp\/v2\/pages\/4307","targetHints":{"allow":["GET"]}}],"collection":[{"href":"https:\/\/ayconhotels.com\/me\/wp-json\/wp\/v2\/pages"}],"about":[{"href":"https:\/\/ayconhotels.com\/me\/wp-json\/wp\/v2\/types\/page"}],"author":[{"embeddable":true,"href":"https:\/\/ayconhotels.com\/me\/wp-json\/wp\/v2\/users\/1"}],"replies":[{"embeddable":true,"href":"https:\/\/ayconhotels.com\/me\/wp-json\/wp\/v2\/comments?post=4307"}],"version-history":[{"count":4,"href":"https:\/\/ayconhotels.com\/me\/wp-json\/wp\/v2\/pages\/4307\/revisions"}],"predecessor-version":[{"id":4315,"href":"https:\/\/ayconhotels.com\/me\/wp-json\/wp\/v2\/pages\/4307\/revisions\/4315"}],"wp:attachment":[{"href":"https:\/\/ayconhotels.com\/me\/wp-json\/wp\/v2\/media?parent=4307"}],"curies":[{"name":"wp","href":"https:\/\/api.w.org\/{rel}","templated":true}]}}