{"id":4767,"date":"2021-04-12T10:10:07","date_gmt":"2021-04-12T09:10:07","guid":{"rendered":"https:\/\/ayconhotels.com\/?page_id=4767"},"modified":"2024-12-08T21:02:09","modified_gmt":"2024-12-08T20:02:09","slug":"offer-1","status":"publish","type":"page","link":"https:\/\/ayconhotels.com\/me\/offer-1\/","title":{"rendered":"Offer 1"},"content":{"rendered":"<p>[et_pb_section fb_built=&#8221;1&#8243; fullwidth=&#8221;on&#8221; _builder_version=&#8221;4.16&#8243; _module_preset=&#8221;default&#8221; da_disable_devices=&#8221;off|off|off&#8221; global_colors_info=&#8221;{}&#8221; da_is_popup=&#8221;off&#8221; da_exit_intent=&#8221;off&#8221; da_has_close=&#8221;on&#8221; da_alt_close=&#8221;off&#8221; da_dark_close=&#8221;off&#8221; da_not_modal=&#8221;on&#8221; da_is_singular=&#8221;off&#8221; da_with_loader=&#8221;off&#8221; da_has_shadow=&#8221;on&#8221;][et_pb_fullwidth_slider _builder_version=&#8221;4.16&#8243; _module_preset=&#8221;default&#8221; min_height=&#8221;645.2px&#8221; global_colors_info=&#8221;{}&#8221;][et_pb_slide heading=&#8221;Summer special &#8211; Offer 30% OFF&#8221; use_bg_overlay=&#8221;on&#8221; bg_overlay_color=&#8221;RGBA(0,0,0,0.2)&#8221; use_text_overlay=&#8221;off&#8221; _builder_version=&#8221;4.16&#8243; _module_preset=&#8221;default&#8221; header_level=&#8221;h2&#8243; header_font=&#8221;Book Antiqua||||||||&#8221; header_font_size=&#8221;60px&#8221; background_color=&#8221;RGBA(0,0,0,0.2)&#8221; background_enable_color=&#8221;on&#8221; background_image=&#8221;https:\/\/ayconhotels.com\/wp-content\/uploads\/2021\/04\/couple-tropical-beach-3.jpg&#8221; background_enable_image=&#8221;on&#8221; background_position=&#8221;top_center&#8221; header_font_size_tablet=&#8221;&#8221; header_font_size_phone=&#8221;35px&#8221; header_font_size_last_edited=&#8221;on|phone&#8221; global_colors_info=&#8221;{}&#8221; sticky_transition=&#8221;on&#8221;][\/et_pb_slide][\/et_pb_fullwidth_slider][\/et_pb_section][et_pb_section fb_built=&#8221;1&#8243; custom_padding_last_edited=&#8221;on|phone&#8221; _builder_version=&#8221;4.16&#8243; _module_preset=&#8221;default&#8221; custom_margin_tablet=&#8221;&#8221; custom_margin_phone=&#8221;0px||0px||false|false&#8221; custom_margin_last_edited=&#8221;on|phone&#8221; custom_padding=&#8221;0px||1px|||&#8221; custom_padding_tablet=&#8221;&#8221; custom_padding_phone=&#8221;0px||0px||false|false&#8221; da_disable_devices=&#8221;off|off|off&#8221; global_colors_info=&#8221;{}&#8221; da_is_popup=&#8221;off&#8221; da_exit_intent=&#8221;off&#8221; da_has_close=&#8221;on&#8221; da_alt_close=&#8221;off&#8221; da_dark_close=&#8221;off&#8221; da_not_modal=&#8221;on&#8221; da_is_singular=&#8221;off&#8221; da_with_loader=&#8221;off&#8221; da_has_shadow=&#8221;on&#8221;][et_pb_row custom_padding_last_edited=&#8221;on|phone&#8221; _builder_version=&#8221;4.16&#8243; _module_preset=&#8221;default&#8221; width=&#8221;70%&#8221; width_tablet=&#8221;&#8221; width_phone=&#8221;96%&#8221; width_last_edited=&#8221;on|phone&#8221; max_width=&#8221;100%&#8221; custom_padding_tablet=&#8221;&#8221; custom_padding_phone=&#8221;20px||15px||false|false&#8221; locked=&#8221;off&#8221; global_colors_info=&#8221;{}&#8221;][et_pb_column type=&#8221;4_4&#8243; _builder_version=&#8221;4.16&#8243; _module_preset=&#8221;default&#8221; global_colors_info=&#8221;{}&#8221;][et_pb_text _builder_version=&#8221;4.16&#8243; _module_preset=&#8221;default&#8221; text_text_color=&#8221;#001D4A&#8221; header_text_color=&#8221;gcid-cc58e029-1f65-49cb-838f-a75ff8234bb2&#8243; text_orientation=&#8221;center&#8221; text_orientation_tablet=&#8221;&#8221; text_orientation_phone=&#8221;left&#8221; text_orientation_last_edited=&#8221;on|phone&#8221; global_colors_info=&#8221;{%22gcid-cc58e029-1f65-49cb-838f-a75ff8234bb2%22:%91%22header_text_color%22%93}&#8221;]<\/p>\n<p>Nastavite da u\u017eivate u putovanju sa prijatnom rado\u0161c\u0301u i\u0161\u010dekivanja.<\/p>\n<p>Priu\u0161tite sebi o\u010daravajuc\u0301i pogled na more, istorijske gradove i prelijepe zalaske sunca iz luksuzno dizajniranih hotela Aycon.<\/p>\n<p>Niste sigurni u datume va\u0161eg sledec\u0301eg bjekstva? Pregledajte na\u0161e moguc\u0301nosti, uredite svoj boravak fleksibilno i u\u017eivajte u potpunoj slobodi.<\/p>\n<p>(U\u0161tedite sa stilom u hotelima Aycon. Popusti ako rezervi\u0161ete boravak od 7 noc\u0301enja i u\u017eivate u svim pogodnostima. Primjenjuju se posebna pravila za djecu.)<\/p>\n<p>Rezervi\u0161ite posebne ponude i ponude direktno sa na\u0161e veb stranice uz na\u0161u najbolju politiku garancije cijena.<\/p>\n<p>[\/et_pb_text][\/et_pb_column][\/et_pb_row][\/et_pb_section][et_pb_section fb_built=&#8221;1&#8243; _builder_version=&#8221;4.16&#8243; _module_preset=&#8221;default&#8221; custom_padding=&#8221;0px||0px|||&#8221; da_disable_devices=&#8221;off|off|off&#8221; global_colors_info=&#8221;{}&#8221; da_is_popup=&#8221;off&#8221; da_exit_intent=&#8221;off&#8221; da_has_close=&#8221;on&#8221; da_alt_close=&#8221;off&#8221; da_dark_close=&#8221;off&#8221; da_not_modal=&#8221;on&#8221; da_is_singular=&#8221;off&#8221; da_with_loader=&#8221;off&#8221; da_has_shadow=&#8221;on&#8221;][et_pb_row column_structure=&#8221;1_4,1_4,1_4,1_4&#8243; _builder_version=&#8221;4.16&#8243; _module_preset=&#8221;default&#8221; max_width=&#8221;100%&#8221; hover_enabled=&#8221;0&#8243; global_colors_info=&#8221;{}&#8221; sticky_enabled=&#8221;0&#8243;][et_pb_column type=&#8221;1_4&#8243; _builder_version=&#8221;4.16&#8243; _module_preset=&#8221;default&#8221; global_colors_info=&#8221;{}&#8221;][dica_divi_carousel show_items_desktop=&#8221;1&#8243; show_items_tablet=&#8221;1&#8243; item_vertical_align=&#8221;center&#8221; advanced_effect=&#8221;1&#8243; arrow_nav_color=&#8221;rgba(0,29,74,0.44)&#8221; arrow_bg_color=&#8221;RGBA(0,0,0,0)&#8221; dots_active_color=&#8221;#001d4a&#8221; title_background=&#8221;gcid-cc58e029-1f65-49cb-838f-a75ff8234bb2&#8243; subtitle_background=&#8221;gcid-cc58e029-1f65-49cb-838f-a75ff8234bb2&#8243; arrow_show_hover=&#8221;on&#8221; arrow_alignment=&#8221;center&#8221; arrow_font_size=&#8221;42px&#8221; carousel_container_padding=&#8221;10px||10px|0px|true|false&#8221; image_container_margin=&#8221;||5px||false|false&#8221; image_container_padding=&#8221;|8px|0px|8px|false|true&#8221; title_margin=&#8221;5px||||false|false&#8221; _builder_version=&#8221;4.9.3&#8243; _module_preset=&#8221;default&#8221; title_font=&#8221;Book Antiqua||||||||&#8221; title_text_align=&#8221;center&#8221; title_text_color=&#8221;#001d4a&#8221; title_font_size=&#8221;22px&#8221; subtitle_font=&#8221;Book Antiqua||||||||&#8221; subtitle_text_align=&#8221;center&#8221; subtitle_text_color=&#8221;#001d4a&#8221; subtitle_font_size=&#8221;22px&#8221; body_text_align=&#8221;center&#8221; body_text_color=&#8221;#001d4a&#8221; background_color=&#8221;RGBA(0,0,0,0)&#8221; custom_css_main_element=&#8221;box-shadow:         4px 4px 18px 0px rgba(0,0,0,0.3);||&#8221; global_module=&#8221;1606&#8243; saved_tabs=&#8221;all&#8221; locked=&#8221;off&#8221; global_colors_info=&#8221;{%22gcid-cc58e029-1f65-49cb-838f-a75ff8234bb2%22:%91%22title_background%22,%22body_text_color%22,%22subtitle_background%22,%22subtitle_text_color%22,%22title_text_color%22,%22dots_active_color%22%93}&#8221; arrow_nav_color__hover_enabled=&#8221;off|desktop&#8221; transform_styles__hover_enabled=&#8221;off|hover&#8221; transform_scale__hover_enabled=&#8221;off|hover&#8221; transform_translate__hover_enabled=&#8221;off|hover&#8221; transform_rotate__hover_enabled=&#8221;off|hover&#8221; transform_skew__hover_enabled=&#8221;off|hover&#8221; transform_origin__hover_enabled=&#8221;off|hover&#8221; transform_scale__hover=&#8221;105%|105%&#8221;][dica_divi_carouselitem title=&#8221;HOTEL FAGUS&#8221; sub_title=&#8221;by Aycon&#8221; button_text=&#8221;Book Now&#8221; button_url=&#8221;https:\/\/secure.phobs.net\/webservice\/booking\/index.php?&#038;site_id=ajkovic&#038;hotel=531486795d50f3c997a253a14f1d5fbe&#8221; button_url_new_window=&#8221;1&#8243; image=&#8221;https:\/\/ayconhotels.com\/wp-content\/uploads\/2021\/03\/3_0190-1-1.jpg&#8221; image_lightbox=&#8221;off&#8221; _builder_version=&#8221;4.16&#8243; _dynamic_attributes=&#8221;link_option_url&#8221; _module_preset=&#8221;default&#8221; custom_button=&#8221;on&#8221; button_text_color=&#8221;#FFFFFF&#8221; button_bg_use_color_gradient=&#8221;on&#8221; button_bg_color_gradient_stops=&#8221;#f1ca63 0%|#816a2e 100%&#8221; button_bg_color_gradient_start=&#8221;#f1ca63&#8243; button_bg_color_gradient_end=&#8221;#816a2e&#8221; button_border_width=&#8221;0px&#8221; button_border_color=&#8221;RGBA(0,0,0,0)&#8221; button_border_radius=&#8221;15px&#8221; button_font=&#8221;Open Sans||||||||&#8221; button_use_icon=&#8221;on&#8221; button_on_hover=&#8221;on&#8221; button_alignment=&#8221;center&#8221; link_option_url=&#8221;@ET-DC@eyJkeW5hbWljIjp0cnVlLCJjb250ZW50IjoicG9zdF9saW5rX3VybF9wYWdlIiwic2V0dGluZ3MiOnsicG9zdF9pZCI6IjIwMDYifX0=@&#8221; global_colors_info=&#8221;{}&#8221;]<\/p>\n<p>Budva<br \/><span>\u2605\u2605\u2605\u2605<\/span><br \/><strong>PONUDA -30%<\/strong><\/p>\n<p>[\/dica_divi_carouselitem][\/dica_divi_carousel][\/et_pb_column][et_pb_column type=&#8221;1_4&#8243; _builder_version=&#8221;4.16&#8243; _module_preset=&#8221;default&#8221; global_colors_info=&#8221;{}&#8221;][dica_divi_carousel show_items_desktop=&#8221;1&#8243; show_items_tablet=&#8221;1&#8243; item_vertical_align=&#8221;center&#8221; advanced_effect=&#8221;1&#8243; arrow_nav_color=&#8221;rgba(0,29,74,0.44)&#8221; arrow_bg_color=&#8221;RGBA(0,0,0,0)&#8221; dots_active_color=&#8221;#001d4a&#8221; title_background=&#8221;gcid-cc58e029-1f65-49cb-838f-a75ff8234bb2&#8243; subtitle_background=&#8221;gcid-cc58e029-1f65-49cb-838f-a75ff8234bb2&#8243; arrow_show_hover=&#8221;on&#8221; arrow_alignment=&#8221;center&#8221; arrow_font_size=&#8221;42px&#8221; carousel_container_padding=&#8221;10px||10px|0px|true|false&#8221; image_container_margin=&#8221;||5px||false|false&#8221; image_container_padding=&#8221;|8px|0px|8px|false|true&#8221; title_margin=&#8221;5px||||false|false&#8221; _builder_version=&#8221;4.14.8&#8243; _module_preset=&#8221;default&#8221; title_font=&#8221;Book Antiqua||||||||&#8221; title_text_align=&#8221;center&#8221; title_text_color=&#8221;#001d4a&#8221; title_font_size=&#8221;22px&#8221; subtitle_font=&#8221;Book Antiqua||||||||&#8221; subtitle_text_align=&#8221;center&#8221; subtitle_text_color=&#8221;#001d4a&#8221; subtitle_font_size=&#8221;22px&#8221; body_text_align=&#8221;center&#8221; body_text_color=&#8221;#001d4a&#8221; background_color=&#8221;RGBA(0,0,0,0)&#8221; custom_css_main_element=&#8221;box-shadow:         4px 4px 18px 0px rgba(0,0,0,0.3);||&#8221; global_module=&#8221;1611&#8243; saved_tabs=&#8221;all&#8221; locked=&#8221;off&#8221; global_colors_info=&#8221;{%22gcid-cc58e029-1f65-49cb-838f-a75ff8234bb2%22:%91%22title_background%22,%22body_text_color%22,%22subtitle_background%22,%22subtitle_text_color%22,%22title_text_color%22,%22dots_active_color%22%93}&#8221; arrow_nav_color__hover_enabled=&#8221;off|desktop&#8221; transform_styles__hover_enabled=&#8221;off|hover&#8221; transform_scale__hover_enabled=&#8221;off|hover&#8221; transform_translate__hover_enabled=&#8221;off|hover&#8221; transform_rotate__hover_enabled=&#8221;off|hover&#8221; transform_skew__hover_enabled=&#8221;off|hover&#8221; transform_origin__hover_enabled=&#8221;off|hover&#8221; transform_scale__hover=&#8221;105%|105%&#8221;][dica_divi_carouselitem title=&#8221;BOUTIQUE HOTEL MOMENTUM&#8221; sub_title=&#8221;by Aycon&#8221; button_text=&#8221;Book Now&#8221; button_url=&#8221;https:\/\/secure.phobs.net\/webservice\/booking\/index.php?&#038;site_id=ajkovic&#038;hotel=9a4531c7ccce33e1eaa72079ab292ca4&#8243; button_url_new_window=&#8221;1&#8243; image=&#8221;https:\/\/ayconhotels.com\/wp-content\/uploads\/2021\/06\/IMG_04671.jpg&#8221; image_lightbox=&#8221;off&#8221; _builder_version=&#8221;4.16&#8243; _dynamic_attributes=&#8221;link_option_url&#8221; _module_preset=&#8221;default&#8221; custom_button=&#8221;on&#8221; button_text_color=&#8221;#FFFFFF&#8221; button_bg_use_color_gradient=&#8221;on&#8221; button_bg_color_gradient_stops=&#8221;#f1ca63 0%|#816a2e 100%&#8221; button_bg_color_gradient_start=&#8221;#f1ca63&#8243; button_bg_color_gradient_end=&#8221;#816a2e&#8221; button_border_width=&#8221;0px&#8221; button_border_color=&#8221;RGBA(0,0,0,0)&#8221; button_border_radius=&#8221;15px&#8221; button_font=&#8221;Open Sans||||||||&#8221; button_use_icon=&#8221;on&#8221; button_on_hover=&#8221;on&#8221; button_alignment=&#8221;center&#8221; link_option_url=&#8221;@ET-DC@eyJkeW5hbWljIjp0cnVlLCJjb250ZW50IjoicG9zdF9saW5rX3VybF9wYWdlIiwic2V0dGluZ3MiOnsicG9zdF9pZCI6IjIwMjMifX0=@&#8221; global_colors_info=&#8221;{}&#8221;]<\/p>\n<p>Budva<br \/><span>\u2605\u2605\u2605\u2605<\/span><br \/><strong><span class=\"VIiyi\" jsaction=\"mouseup:BR6jm\" jsname=\"jqKxS\" lang=\"en\"><span jsaction=\"agoMJf:PFBcW;usxOmf:aWLT7;jhKsnd:P7O7bd,F8DmGf;Q4AGo:Gm7gYd,qAKMYb;uFUCPb:pvnm0e,pfE8Hb,PFBcW;f56efd:dJXsye;EnoYf:KNzws,ZJsZZ,JgVSJc;zdMJQc:cCQNKb,ZJsZZ,zchEXc;Ytrrj:JJDvdc;tNR8yc:GeFvjb;oFN6Ye:hij5Wb\" jsname=\"txFAF\" class=\"JLqJ4b ChMk0b\" data-language-for-alternatives=\"en\" data-language-to-translate-into=\"sr\" data-phrase-index=\"0\" jscontroller=\"Zl5N8\" jsdata=\"uqLsIf;_;$41\" jsmodel=\"SsMkhd\"><span jsaction=\"click:qtZ4nf,GFf3ac,tMZCfe; contextmenu:Nqw7Te,QP7LD; mouseout:Nqw7Te; mouseover:qtZ4nf,c2aHje\" jsname=\"W297wb\">PONUDA -30%<\/span><\/span><\/span><br \/><\/strong><\/p>\n<p>[\/dica_divi_carouselitem][\/dica_divi_carousel][\/et_pb_column][et_pb_column type=&#8221;1_4&#8243; _builder_version=&#8221;4.16&#8243; _module_preset=&#8221;default&#8221; global_colors_info=&#8221;{}&#8221;][dica_divi_carousel show_items_desktop=&#8221;1&#8243; show_items_tablet=&#8221;1&#8243; item_vertical_align=&#8221;center&#8221; advanced_effect=&#8221;1&#8243; arrow_nav_color=&#8221;rgba(0,29,74,0.44)&#8221; arrow_bg_color=&#8221;RGBA(0,0,0,0)&#8221; dots_active_color=&#8221;#001d4a&#8221; title_background=&#8221;gcid-cc58e029-1f65-49cb-838f-a75ff8234bb2&#8243; subtitle_background=&#8221;gcid-cc58e029-1f65-49cb-838f-a75ff8234bb2&#8243; arrow_show_hover=&#8221;on&#8221; arrow_alignment=&#8221;center&#8221; arrow_font_size=&#8221;42px&#8221; carousel_container_padding=&#8221;10px||10px|0px|true|false&#8221; image_container_margin=&#8221;||5px||false|false&#8221; image_container_padding=&#8221;|8px|0px|8px|false|true&#8221; title_margin=&#8221;5px||||false|false&#8221; _builder_version=&#8221;4.19.0&#8243; _module_preset=&#8221;default&#8221; title_font=&#8221;Book Antiqua||||||||&#8221; title_text_align=&#8221;center&#8221; title_text_color=&#8221;#001d4a&#8221; title_font_size=&#8221;22px&#8221; subtitle_font=&#8221;Book Antiqua||||||||&#8221; subtitle_text_align=&#8221;center&#8221; subtitle_text_color=&#8221;#001d4a&#8221; subtitle_font_size=&#8221;22px&#8221; body_text_align=&#8221;center&#8221; body_text_color=&#8221;#001d4a&#8221; background_color=&#8221;RGBA(0,0,0,0)&#8221; custom_css_main_element=&#8221;box-shadow:         4px 4px 18px 0px rgba(0,0,0,0.3);||&#8221; global_module=&#8221;1610&#8243; locked=&#8221;off&#8221; global_colors_info=&#8221;{%22gcid-cc58e029-1f65-49cb-838f-a75ff8234bb2%22:%91%22title_background%22,%22body_text_color%22,%22subtitle_background%22,%22subtitle_text_color%22,%22title_text_color%22,%22dots_active_color%22%93}&#8221; arrow_nav_color__hover_enabled=&#8221;off|desktop&#8221; transform_styles__hover_enabled=&#8221;off|hover&#8221; transform_scale__hover_enabled=&#8221;off|hover&#8221; transform_translate__hover_enabled=&#8221;off|hover&#8221; transform_rotate__hover_enabled=&#8221;off|hover&#8221; transform_skew__hover_enabled=&#8221;off|hover&#8221; transform_origin__hover_enabled=&#8221;off|hover&#8221; transform_scale__hover=&#8221;105%|105%&#8221;][dica_divi_carouselitem title=&#8221;HOTEL KADMO&#8221; sub_title=&#8221;by Aycon&#8221; button_text=&#8221;Book Now&#8221; button_url=&#8221;https:\/\/secure.phobs.net\/webservice\/booking\/index.php?&#038;site_id=ajkovic&#038;hotel=5256d5d98b3a3f6190e15e94cfa6912d&#8221; button_url_new_window=&#8221;1&#8243; image=&#8221;https:\/\/ayconhotels.com\/wp-content\/uploads\/2021\/03\/DJI_0157-1.jpg&#8221; image_lightbox=&#8221;off&#8221; _builder_version=&#8221;4.19.0&#8243; _dynamic_attributes=&#8221;link_option_url&#8221; _module_preset=&#8221;default&#8221; custom_button=&#8221;on&#8221; button_text_color=&#8221;#FFFFFF&#8221; button_bg_use_color_gradient=&#8221;on&#8221; button_bg_color_gradient_stops=&#8221;#f1ca63 0%|#816a2e 100%&#8221; button_bg_color_gradient_start=&#8221;#f1ca63&#8243; button_bg_color_gradient_end=&#8221;#816a2e&#8221; button_border_width=&#8221;0px&#8221; button_border_color=&#8221;RGBA(0,0,0,0)&#8221; button_border_radius=&#8221;15px&#8221; button_font=&#8221;Open Sans||||||||&#8221; button_use_icon=&#8221;on&#8221; button_on_hover=&#8221;on&#8221; button_alignment=&#8221;center&#8221; link_option_url=&#8221;@ET-DC@eyJkeW5hbWljIjp0cnVlLCJjb250ZW50IjoicG9zdF9saW5rX3VybF9wYWdlIiwic2V0dGluZ3MiOnsicG9zdF9pZCI6IjIwMTUifX0=@&#8221; global_colors_info=&#8221;{}&#8221;]<\/p>\n<p>Budva<br \/><span>\u2605\u2605\u2605\u2605<\/span><br \/><b>PONUDA -30%<\/b><\/p>\n<p>[\/dica_divi_carouselitem][\/dica_divi_carousel][\/et_pb_column][et_pb_column type=&#8221;1_4&#8243; _builder_version=&#8221;4.16&#8243; _module_preset=&#8221;default&#8221; global_colors_info=&#8221;{}&#8221;][\/et_pb_column][\/et_pb_row][et_pb_row column_structure=&#8221;1_4,1_4,1_4,1_4&#8243; _builder_version=&#8221;4.16&#8243; _module_preset=&#8221;default&#8221; max_width=&#8221;100%&#8221; global_colors_info=&#8221;{}&#8221;][et_pb_column type=&#8221;1_4&#8243; _builder_version=&#8221;4.16&#8243; _module_preset=&#8221;default&#8221; global_colors_info=&#8221;{}&#8221;][dica_divi_carousel show_items_desktop=&#8221;1&#8243; show_items_tablet=&#8221;1&#8243; item_vertical_align=&#8221;center&#8221; advanced_effect=&#8221;1&#8243; arrow_nav_color=&#8221;rgba(0,29,74,0.44)&#8221; arrow_bg_color=&#8221;RGBA(0,0,0,0)&#8221; dots_active_color=&#8221;#001d4a&#8221; title_background=&#8221;gcid-cc58e029-1f65-49cb-838f-a75ff8234bb2&#8243; subtitle_background=&#8221;gcid-cc58e029-1f65-49cb-838f-a75ff8234bb2&#8243; arrow_show_hover=&#8221;on&#8221; arrow_alignment=&#8221;center&#8221; arrow_font_size=&#8221;42px&#8221; carousel_container_padding=&#8221;10px||10px|0px|true|false&#8221; image_container_margin=&#8221;||5px||false|false&#8221; image_container_padding=&#8221;|8px|0px|8px|false|true&#8221; title_margin=&#8221;5px||||false|false&#8221; _builder_version=&#8221;4.9.4&#8243; _module_preset=&#8221;default&#8221; title_font=&#8221;Book Antiqua||||||||&#8221; title_text_align=&#8221;center&#8221; title_text_color=&#8221;#001d4a&#8221; title_font_size=&#8221;22px&#8221; subtitle_font=&#8221;Book Antiqua||||||||&#8221; subtitle_text_align=&#8221;center&#8221; subtitle_text_color=&#8221;#001d4a&#8221; subtitle_font_size=&#8221;22px&#8221; body_text_align=&#8221;center&#8221; body_text_color=&#8221;#001d4a&#8221; background_color=&#8221;RGBA(0,0,0,0)&#8221; custom_css_main_element=&#8221;box-shadow:         4px 4px 18px 0px rgba(0,0,0,0.3);||&#8221; global_module=&#8221;1608&#8243; locked=&#8221;off&#8221; global_colors_info=&#8221;{%22gcid-cc58e029-1f65-49cb-838f-a75ff8234bb2%22:%91%22title_background%22,%22body_text_color%22,%22subtitle_background%22,%22subtitle_text_color%22,%22title_text_color%22,%22dots_active_color%22%93}&#8221; arrow_nav_color__hover_enabled=&#8221;off|desktop&#8221; transform_styles__hover_enabled=&#8221;off|hover&#8221; transform_scale__hover_enabled=&#8221;off|hover&#8221; transform_translate__hover_enabled=&#8221;off|hover&#8221; transform_rotate__hover_enabled=&#8221;off|hover&#8221; transform_skew__hover_enabled=&#8221;off|hover&#8221; transform_origin__hover_enabled=&#8221;off|hover&#8221; transform_scale__hover=&#8221;105%|105%&#8221;][dica_divi_carouselitem title=&#8221;BOUTIQUE HOTEL TATE&#8221; sub_title=&#8221;by Aycon&#8221; button_text=&#8221;Book Now&#8221; button_url=&#8221;https:\/\/secure.phobs.net\/webservice\/booking\/index.php?&#038;site_id=ajkovic&#038;hotel=51506433528cf6a1c04c09b5dbb56e73&#8243; button_url_new_window=&#8221;1&#8243; image=&#8221;https:\/\/ayconhotels.com\/wp-content\/uploads\/2021\/03\/0296-1-1.jpg&#8221; image_lightbox=&#8221;off&#8221; _builder_version=&#8221;4.16&#8243; _dynamic_attributes=&#8221;link_option_url&#8221; _module_preset=&#8221;default&#8221; custom_button=&#8221;on&#8221; button_text_color=&#8221;#FFFFFF&#8221; button_bg_use_color_gradient=&#8221;on&#8221; button_bg_color_gradient_stops=&#8221;#f1ca63 0%|#816a2e 100%&#8221; button_bg_color_gradient_start=&#8221;#f1ca63&#8243; button_bg_color_gradient_end=&#8221;#816a2e&#8221; button_border_width=&#8221;0px&#8221; button_border_color=&#8221;RGBA(0,0,0,0)&#8221; button_border_radius=&#8221;15px&#8221; button_font=&#8221;Open Sans||||||||&#8221; button_use_icon=&#8221;on&#8221; button_on_hover=&#8221;on&#8221; button_alignment=&#8221;center&#8221; link_option_url=&#8221;@ET-DC@eyJkeW5hbWljIjp0cnVlLCJjb250ZW50IjoicG9zdF9saW5rX3VybF9wYWdlIiwic2V0dGluZ3MiOnsicG9zdF9pZCI6IjE5OTQifX0=@&#8221; global_colors_info=&#8221;{}&#8221;]<\/p>\n<p>Budva<br \/><span>\u2605\u2605\u2605\u2605<\/span><br \/><strong>PONUDA -30%<\/strong><\/p>\n<p>[\/dica_divi_carouselitem][\/dica_divi_carousel][\/et_pb_column][et_pb_column type=&#8221;1_4&#8243; _builder_version=&#8221;4.16&#8243; _module_preset=&#8221;default&#8221; global_colors_info=&#8221;{}&#8221;][dica_divi_carousel show_items_desktop=&#8221;1&#8243; show_items_tablet=&#8221;1&#8243; item_vertical_align=&#8221;center&#8221; advanced_effect=&#8221;1&#8243; arrow_nav_color=&#8221;rgba(0,29,74,0.44)&#8221; arrow_bg_color=&#8221;RGBA(0,0,0,0)&#8221; dots_active_color=&#8221;#001d4a&#8221; title_background=&#8221;gcid-cc58e029-1f65-49cb-838f-a75ff8234bb2&#8243; subtitle_background=&#8221;gcid-cc58e029-1f65-49cb-838f-a75ff8234bb2&#8243; arrow_show_hover=&#8221;on&#8221; arrow_alignment=&#8221;center&#8221; arrow_font_size=&#8221;42px&#8221; carousel_container_padding=&#8221;10px||10px|0px|true|false&#8221; image_container_margin=&#8221;||5px||false|false&#8221; image_container_padding=&#8221;|8px|0px|8px|false|true&#8221; title_margin=&#8221;5px||||false|false&#8221; _builder_version=&#8221;4.19.0&#8243; _module_preset=&#8221;default&#8221; title_font=&#8221;Book Antiqua||||||||&#8221; title_text_align=&#8221;center&#8221; title_text_color=&#8221;#001d4a&#8221; title_font_size=&#8221;22px&#8221; subtitle_font=&#8221;Book Antiqua||||||||&#8221; subtitle_text_align=&#8221;center&#8221; subtitle_text_color=&#8221;#001d4a&#8221; subtitle_font_size=&#8221;22px&#8221; body_text_align=&#8221;center&#8221; body_text_color=&#8221;#001d4a&#8221; background_color=&#8221;RGBA(0,0,0,0)&#8221; custom_padding=&#8221;0px|||||&#8221; custom_css_main_element=&#8221;box-shadow:         4px 4px 18px 0px rgba(0,0,0,0.3);||&#8221; global_module=&#8221;1613&#8243; locked=&#8221;off&#8221; global_colors_info=&#8221;{%22gcid-cc58e029-1f65-49cb-838f-a75ff8234bb2%22:%91%22title_background%22,%22body_text_color%22,%22subtitle_background%22,%22subtitle_text_color%22,%22title_text_color%22,%22dots_active_color%22%93}&#8221; arrow_nav_color__hover_enabled=&#8221;off|desktop&#8221; transform_styles__hover_enabled=&#8221;off|hover&#8221; transform_scale__hover_enabled=&#8221;off|hover&#8221; transform_translate__hover_enabled=&#8221;off|hover&#8221; transform_rotate__hover_enabled=&#8221;off|hover&#8221; transform_skew__hover_enabled=&#8221;off|hover&#8221; transform_origin__hover_enabled=&#8221;off|hover&#8221; transform_scale__hover=&#8221;105%|105%&#8221;][dica_divi_carouselitem title=&#8221;HOTEL TWELVE&#8221; sub_title=&#8221;by Aycon&#8221; button_text=&#8221;Book Now&#8221; button_url=&#8221;https:\/\/secure.phobs.net\/check_group.php?sid=75jhke1n5psitdb98eabbcjh94&#038;groupid=1328&#038;checkin=2022-04-04&#038;checkout=2022-04-05&#038;channelid=d4b325fa3eb916b85012d55cae84da02&#038;sitever=2&#038;skinid=9ca050c413584e862ecbb7b9580f750d&#038;crcid=76687fffc682938472811644b81bed96&#8243; button_url_new_window=&#8221;1&#8243; image=&#8221;https:\/\/ayconhotels.com\/wp-content\/uploads\/2021\/03\/02_22-1.jpg&#8221; image_lightbox=&#8221;off&#8221; _builder_version=&#8221;4.19.0&#8243; _dynamic_attributes=&#8221;link_option_url&#8221; _module_preset=&#8221;default&#8221; custom_button=&#8221;on&#8221; button_text_color=&#8221;#FFFFFF&#8221; button_bg_use_color_gradient=&#8221;on&#8221; button_bg_color_gradient_stops=&#8221;#f1ca63 0%|#816a2e 100%&#8221; button_bg_color_gradient_start=&#8221;#f1ca63&#8243; button_bg_color_gradient_end=&#8221;#816a2e&#8221; button_border_width=&#8221;0px&#8221; button_border_color=&#8221;RGBA(0,0,0,0)&#8221; button_border_radius=&#8221;15px&#8221; button_font=&#8221;Open Sans||||||||&#8221; button_use_icon=&#8221;on&#8221; button_on_hover=&#8221;on&#8221; button_alignment=&#8221;center&#8221; link_option_url=&#8221;@ET-DC@eyJkeW5hbWljIjp0cnVlLCJjb250ZW50IjoicG9zdF9saW5rX3VybF9wYWdlIiwic2V0dGluZ3MiOnsicG9zdF9pZCI6IjIwNTEifX0=@&#8221; global_colors_info=&#8221;{}&#8221;]<\/p>\n<p>Budva<br \/><span>\u2605\u2605\u2605\u2605<\/span><br \/><strong>PONUDA -30%<\/strong><\/p>\n<p>[\/dica_divi_carouselitem][\/dica_divi_carousel][\/et_pb_column][et_pb_column type=&#8221;1_4&#8243; _builder_version=&#8221;4.16&#8243; _module_preset=&#8221;default&#8221; global_colors_info=&#8221;{}&#8221;][\/et_pb_column][et_pb_column type=&#8221;1_4&#8243; _builder_version=&#8221;4.16&#8243; _module_preset=&#8221;default&#8221; global_colors_info=&#8221;{}&#8221;][\/et_pb_column][\/et_pb_row][\/et_pb_section]<\/p>","protected":false},"excerpt":{"rendered":"<p>Continue to enjoy your travel experience with a pleasant joy of anticipation. Treat yourself to the mesmerizing views of the sea, historic towns, and beautiful sunsets from the luxuriously designed Aycon Hotels. Not sure of the dates for your next getaway?\u00a0Browse our options, arrange your stay at a flexible rate and relish total freedom. (Save [&hellip;]<\/p>","protected":false},"author":1,"featured_media":0,"parent":0,"menu_order":0,"comment_status":"closed","ping_status":"closed","template":"","meta":{"_et_pb_use_builder":"on","_et_pb_old_content":"","_et_gb_content_width":"","footnotes":""},"class_list":["post-4767","page","type-page","status-publish","hentry"],"_links":{"self":[{"href":"https:\/\/ayconhotels.com\/me\/wp-json\/wp\/v2\/pages\/4767","targetHints":{"allow":["GET"]}}],"collection":[{"href":"https:\/\/ayconhotels.com\/me\/wp-json\/wp\/v2\/pages"}],"about":[{"href":"https:\/\/ayconhotels.com\/me\/wp-json\/wp\/v2\/types\/page"}],"author":[{"embeddable":true,"href":"https:\/\/ayconhotels.com\/me\/wp-json\/wp\/v2\/users\/1"}],"replies":[{"embeddable":true,"href":"https:\/\/ayconhotels.com\/me\/wp-json\/wp\/v2\/comments?post=4767"}],"version-history":[{"count":8,"href":"https:\/\/ayconhotels.com\/me\/wp-json\/wp\/v2\/pages\/4767\/revisions"}],"predecessor-version":[{"id":6075,"href":"https:\/\/ayconhotels.com\/me\/wp-json\/wp\/v2\/pages\/4767\/revisions\/6075"}],"wp:attachment":[{"href":"https:\/\/ayconhotels.com\/me\/wp-json\/wp\/v2\/media?parent=4767"}],"curies":[{"name":"wp","href":"https:\/\/api.w.org\/{rel}","templated":true}]}}